{"id":142,"date":"2017-02-15T12:11:49","date_gmt":"2017-02-15T12:11:49","guid":{"rendered":"http:\/\/www.pilvi.cloud\/pilvicom\/?page_id=142"},"modified":"2018-12-14T14:35:32","modified_gmt":"2018-12-14T11:35:32","slug":"saas-yritys-jalleenmyynti","status":"publish","type":"page","link":"https:\/\/www.pilvi.com\/fi\/esimerkit\/saas-yritys-jalleenmyynti\/","title":{"rendered":"SaaS-yritys, j\u00e4lleenmyyntikanavan automatisointi"},"content":{"rendered":"<p><div class=\"fusion-fullwidth fullwidth-box fusion-builder-row-1 fusion-parallax-fixed nonhundred-percent-fullwidth non-hundred-percent-height-scrolling\" style=\"--awb-background-position:right center;--awb-border-radius-top-left:0px;--awb-border-radius-top-right:0px;--awb-border-radius-bottom-right:0px;--awb-border-radius-bottom-left:0px;--awb-background-image:url(&quot;\/files\/2017\/05\/mainNEW_2560x_50.jpg&quot;);--awb-background-size:cover;--awb-flex-wrap:wrap;background-attachment:fixed;\" ><div class=\"fusion-builder-row fusion-row\"><div class=\"fusion-layout-column fusion_builder_column fusion-builder-column-0 fusion_builder_column_2_3 2_3 fusion-two-third fusion-column-first\" style=\"--awb-padding-top:6%;--awb-padding-right:7%;--awb-padding-bottom:6%;--awb-padding-left:7%;--awb-bg-color:rgba(255,255,255,0.92);--awb-bg-color-hover:rgba(255,255,255,0.92);--awb-bg-size:cover;width:66.666666666667%;width:calc(66.666666666667% - ( ( 4% ) * 0.66666666666667 ) );margin-right: 4%;\"><div class=\"fusion-column-wrapper fusion-flex-column-wrapper-legacy\"><div class=\"fusion-column-content-centered\"><div class=\"fusion-column-content\"><div class=\"fusion-title title fusion-title-1 fusion-sep-none fusion-title-text fusion-title-size-three\" style=\"--awb-margin-bottom:0.5em;--awb-margin-top-small:0px;--awb-margin-right-small:0px;--awb-margin-bottom-small:20px;--awb-margin-left-small:0px;\"><h3 class=\"fusion-title-heading title-heading-left fusion-responsive-typography-calculated\" style=\"margin:0;--fontSize:24;--minFontSize:24;line-height:1.4;\">Esimerkkiratkaisu<\/h3><\/div><div class=\"fusion-title title fusion-title-2 fusion-sep-none fusion-title-text fusion-title-size-one\" style=\"--awb-margin-top:0em;--awb-margin-bottom:1.5em;--awb-margin-top-small:0px;--awb-margin-right-small:0px;--awb-margin-bottom-small:20px;--awb-margin-left-small:0px;\"><h1 class=\"fusion-title-heading title-heading-left fusion-responsive-typography-calculated\" style=\"margin:0;--fontSize:44;line-height:1.3;\">SaaS-yritys, j\u00e4lleenmyyntikanavan automatisointi<\/h1><\/div><div class=\"fusion-text fusion-text-1\"><p class=\"ingress-dark\">SaaS-yritys halusi tuoda my\u00f6s j\u00e4lleenmyyj\u00e4t saman tilauskanavan taakse ja yhten\u00e4ist\u00e4\u00e4 asiakkaiden\/j\u00e4lleenmyyjien hallinnan. Verkkomyynti\u00e4 suoraan loppuk\u00e4ytt\u00e4jille tehnyt yhti\u00f6 oli jo toiminut pitk\u00e4\u00e4n. Nyt tavoitteena oli p\u00e4\u00e4st\u00e4 eroon manuaalisista ty\u00f6vaiheista my\u00f6s j\u00e4lleenmyyjien kautta tulleista tilauksista. SaaS-yritys laski, ett\u00e4 s\u00e4\u00e4st\u00f6 olisivat v\u00e4hint\u00e4\u00e4n 1.500 \u20ac\/kk myynnin, hallinnon ja laskutuksen osalta, sek\u00e4 virheiden v\u00e4ltt\u00e4misen takia.<\/p>\n<\/div><\/div><\/div><div class=\"fusion-clearfix\"><\/div><\/div><\/div><div class=\"fusion-layout-column fusion_builder_column fusion-builder-column-1 fusion_builder_column_1_3 1_3 fusion-one-third fusion-column-last fusion-no-small-visibility fusion-no-medium-visibility\" style=\"--awb-bg-size:cover;width:33.333333333333%;width:calc(33.333333333333% - ( ( 4% ) * 0.33333333333333 ) );\"><div class=\"fusion-column-wrapper fusion-flex-column-wrapper-legacy\"><div class=\"fusion-clearfix\"><\/div><\/div><\/div><\/div><\/div><div class=\"fusion-fullwidth fullwidth-box fusion-builder-row-2 hundred-percent-fullwidth non-hundred-percent-height-scrolling\" style=\"--awb-border-radius-top-left:0px;--awb-border-radius-top-right:0px;--awb-border-radius-bottom-right:0px;--awb-border-radius-bottom-left:0px;--awb-padding-right:0px;--awb-padding-left:0px;--awb-background-color:#30adea;--awb-flex-wrap:wrap;\" ><div class=\"fusion-builder-row fusion-row\"><div class=\"fusion-layout-column fusion_builder_column fusion-builder-column-2 fusion_builder_column_1_1 1_1 fusion-one-full fusion-column-first fusion-column-last\" style=\"--awb-bg-size:cover;\"><div class=\"fusion-column-wrapper fusion-flex-column-wrapper-legacy\"><div class=\"fusion-sep-clear\"><\/div><div class=\"fusion-separator fusion-full-width-sep\" style=\"margin-left: auto;margin-right: auto;width:100%;\"><div class=\"fusion-separator-border sep-single sep-solid\" style=\"--awb-height:20px;--awb-amount:20px;--awb-sep-color:#30adea;border-color:#30adea;border-top-width:5px;\"><\/div><\/div><div class=\"fusion-sep-clear\"><\/div><div class=\"fusion-clearfix\"><\/div><\/div><\/div><\/div><\/div><div class=\"fusion-fullwidth fullwidth-box fusion-builder-row-3 nonhundred-percent-fullwidth non-hundred-percent-height-scrolling\" style=\"--awb-border-radius-top-left:0px;--awb-border-radius-top-right:0px;--awb-border-radius-bottom-right:0px;--awb-border-radius-bottom-left:0px;--awb-padding-top:60px;--awb-padding-bottom:80px;--awb-flex-wrap:wrap;\" ><div class=\"fusion-builder-row fusion-row\"><div class=\"fusion-layout-column fusion_builder_column fusion-builder-column-3 fusion_builder_column_3_5 3_5 fusion-three-fifth fusion-column-first\" style=\"--awb-bg-size:cover;width:58.4%; margin-right: 4%;\"><div class=\"fusion-column-wrapper fusion-flex-column-wrapper-legacy\"><div class=\"fusion-text fusion-text-2\"><p><span class=\"fusion-dropcap dropcap\">S<\/span>aaS-yrityksell\u00e4 oli k\u00e4yt\u00f6ss\u00e4 Pilvi\u2122 -alusta suoramyynniss\u00e4 ja 1\/3-osa tilauksista toimitettiin jo automaattisesti ja yhti\u00f6 toivoi t\u00e4h\u00e4n laajennusta j\u00e4lleenmyyntitoimintojen automatisoinnilla. SaaS-yritys laski, ett\u00e4 investointi maksaisi itsens\u00e4 takaisin n. 11 kk aikana.<\/p>\n<p>Pilvi\u2122 -alusta sis\u00e4lt\u00e4\u00e4 valmiin tuen j\u00e4lleenmyyntitasolle ja n\u00e4in jokainen loppuasiakas saatiin samaan j\u00e4rjestelm\u00e4\u00e4n. Samalla koko asiakas- ja lisenssikanta yhten\u00e4istettiin ja j\u00e4rjestelmist\u00e4 poistettiin turhia tilej\u00e4. Tarkemman seurannan ansiosta yhti\u00f6n MRR kasvoi suoraan 3 %, ja lis\u00e4ksi j\u00e4lleenmyyj\u00e4t kokivat uuden tilauskanavan selk\u00e4n\u00e4 parannuksena nopeutuneen prosessin johdosta.<\/p>\n<h2>SaaS-yritys \u00a0hakee kasvua j\u00e4lleenmyyjien kautta<\/h2>\n<p>SaaS-yrityksen tulevaisuudensuunnitelmissa on aktivoitua j\u00e4lleenmyyjien hankinnassa, koska uusi tilausautomaatio s\u00e4\u00e4st\u00e4\u00e4 resursseja. Yhti\u00f6 aikoo automatisoida my\u00f6s uusien j\u00e4lleenmyyjien hankintaprosessin puoliautomaattiseksi Pilvi\u2122-alustan avulla. Yhti\u00f6 odottaa uudistusten ansiosta joopa 30 % kasvua tuleville vuosille. Automaatio tehostaa varsinkin pienten j\u00e4lleenmyyjien palvelemista, mm. automaattisen viestinn\u00e4n ja tarjouskampanjoiden hallinnan kautta. J\u00e4rjestelm\u00e4 hoitaa my\u00f6s j\u00e4lleenmyyj\u00e4kohtaiset komissiot ja tilitykset automaattisesti oikein.<\/p>\n<h2>SaaS-yrityksen kansainv\u00e4listyminen mahdollista uuden automaation ansiosta.<\/h2>\n<p>P\u00e4ivitykset mahdollistavat SaaS-yhti\u00f6n kansainv\u00e4listymisen j\u00e4lleenmyyj\u00e4mallilla, jolloin nykyinen n. 100 \u00a0j\u00e4lleenmyyj\u00e4n kanta voi kasvaa merkitt\u00e4v\u00e4sti. SaaS-yritys arvio pelk\u00e4st\u00e4\u00e4n Euroopassa olevan yli 3.000 potentiaalista j\u00e4lleenmyyj\u00e4\u00e4. N\u00e4iden &#8221;rekrytointi&#8221; ja hallinta olisi muilla menetelmill\u00e4 tehokkaasti ollut hyvin vaikeaa SaaS-liiketoimintamallista johtuen. Nyt j\u00e4lleenmyyjill\u00e4 on kannattava palkkiomalli, jonka ansiosta heid\u00e4n kannattaa johdattaa uusia loppuasiakkaita SaaS-yhti\u00f6n uuteen tilauskanavaan.<\/p>\n<\/div><div class=\"fusion-clearfix\"><\/div><\/div><\/div><div class=\"fusion-layout-column fusion_builder_column fusion-builder-column-4 fusion_builder_column_2_5 2_5 fusion-two-fifth fusion-column-last fusion-no-small-visibility fusion-no-medium-visibility fusion-animated\" style=\"--awb-bg-size:cover;width:37.6%;\" data-animationType=\"fadeIn\" data-animationDuration=\"0.3\" data-animationOffset=\"top-into-view\"><div class=\"fusion-column-wrapper fusion-flex-column-wrapper-legacy\"><div class=\"fusion-image-element fusion-image-align-right in-legacy-container\" style=\"text-align:right;--awb-caption-title-font-family:var(--h2_typography-font-family);--awb-caption-title-font-weight:var(--h2_typography-font-weight);--awb-caption-title-font-style:var(--h2_typography-font-style);--awb-caption-title-size:var(--h2_typography-font-size);--awb-caption-title-transform:var(--h2_typography-text-transform);--awb-caption-title-line-height:var(--h2_typography-line-height);--awb-caption-title-letter-spacing:var(--h2_typography-letter-spacing);\"><span class=\" fusion-imageframe imageframe-none imageframe-1 hover-type-none\" style=\"margin-left:25px;float:right;\"><img decoding=\"async\" width=\"400\" height=\"600\" alt=\"SaaS-yritys j\u00e4lleenmyynti\" title=\"400x600_50\" src=\"\/files\/2017\/02\/400x600_50.jpg\" class=\"img-responsive wp-image-5210\" srcset=\"https:\/\/www.pilvi.com\/files\/2017\/02\/400x600_50-200x300.jpg 200w, https:\/\/www.pilvi.com\/files\/2017\/02\/400x600_50.jpg 400w\" sizes=\"(max-width: 960px) 100vw, 400px\" \/><\/span><\/div><div class=\"fusion-clearfix\"><\/div><\/div><\/div><\/div><\/div><div class=\"fusion-fullwidth fullwidth-box fusion-builder-row-4 nonhundred-percent-fullwidth non-hundred-percent-height-scrolling fusion-equal-height-columns\" style=\"--awb-border-radius-top-left:0px;--awb-border-radius-top-right:0px;--awb-border-radius-bottom-right:0px;--awb-border-radius-bottom-left:0px;--awb-padding-top:60px;--awb-padding-bottom:40px;--awb-background-color:#30adea;--awb-flex-wrap:wrap;\" ><div class=\"fusion-builder-row fusion-row\"><div class=\"fusion-layout-column fusion_builder_column fusion-builder-column-5 fusion_builder_column_2_5 2_5 fusion-two-fifth fusion-column-first fusion-animated\" style=\"--awb-padding-bottom:20px;--awb-bg-size:cover;width:40%;width:calc(40% - ( ( 4% + 3% + 3% ) * 0.4 ) );margin-right: 4%;\" data-animationType=\"zoomIn\" data-animationDuration=\"0.3\" data-animationOffset=\"top-into-view\"><div class=\"fusion-column-wrapper fusion-flex-column-wrapper-legacy\"><div class=\"fusion-title title fusion-title-3 fusion-sep-none fusion-title-center fusion-title-text fusion-title-size-two\" style=\"--awb-margin-top:0em;--awb-margin-bottom:0em;--awb-margin-top-small:0px;--awb-margin-right-small:0px;--awb-margin-bottom-small:20px;--awb-margin-left-small:0px;\"><h2 class=\"fusion-title-heading title-heading-center fusion-responsive-typography-calculated\" style=\"margin:0;--fontSize:31;line-height:1.3;\"><span style=\"color: #ffffff\">Ota Pilvi\u2122 k\u00e4ytt\u00f6\u00f6nne<\/span><\/h2><\/div><div class=\"fusion-clearfix\"><\/div><\/div><\/div><div class=\"fusion-layout-column fusion_builder_column fusion-builder-column-6 fusion_builder_column_1_5 1_5 fusion-one-fifth fusion-animated\" style=\"--awb-padding-bottom:20px;--awb-bg-size:cover;width:20%;width:calc(20% - ( ( 4% + 3% + 3% ) * 0.2 ) );margin-right: 3%;\" data-animationType=\"zoomInLeft\" data-animationDuration=\"0.5\" data-animationOffset=\"top-into-view\"><div class=\"fusion-column-wrapper fusion-flex-column-wrapper-legacy\"><div class=\"fusion-aligncenter\"><a class=\"fusion-button button-flat fusion-button-default-size button-custom fusion-button-default button-1 fusion-button-default-span fusion-button-default-type\" style=\"--button_accent_color:#ffffff;--button_accent_hover_color:#30adea;--button_border_hover_color:#30adea;--button_gradient_top_color:rgba(48,173,234,0);--button_gradient_bottom_color:rgba(48,173,234,0);--button_gradient_top_color_hover:#ffffff;--button_gradient_bottom_color_hover:#ffffff;\" target=\"_self\" href=\"\/fi\/kokeile-demoa\/\"><span class=\"fusion-button-text awb-button__text awb-button__text--default\">Demo<\/span><\/a><\/div><div class=\"fusion-clearfix\"><\/div><\/div><\/div><div class=\"fusion-layout-column fusion_builder_column fusion-builder-column-7 fusion_builder_column_1_5 1_5 fusion-one-fifth fusion-animated\" style=\"--awb-padding-bottom:20px;--awb-bg-size:cover;width:20%;width:calc(20% - ( ( 4% + 3% + 3% ) * 0.2 ) );margin-right: 3%;\" data-animationType=\"zoomInLeft\" data-animationDuration=\"0.7\" data-animationOffset=\"top-into-view\"><div class=\"fusion-column-wrapper fusion-flex-column-wrapper-legacy\"><div class=\"fusion-aligncenter\"><a class=\"fusion-button button-flat fusion-button-default-size button-custom fusion-button-default button-2 fusion-button-default-span fusion-button-default-type\" style=\"--button_accent_color:#ffffff;--button_accent_hover_color:#30adea;--button_border_hover_color:#30adea;--button_gradient_top_color:rgba(48,173,234,0);--button_gradient_bottom_color:rgba(48,173,234,0);--button_gradient_top_color_hover:#ffffff;--button_gradient_bottom_color_hover:#ffffff;\" target=\"_self\" href=\"\/fi\/ota-kayttoon-ilmaisversio\/\"><span class=\"fusion-button-text awb-button__text awb-button__text--default\">Ilmaisversio<\/span><\/a><\/div><div class=\"fusion-clearfix\"><\/div><\/div><\/div><div class=\"fusion-layout-column fusion_builder_column fusion-builder-column-8 fusion_builder_column_1_5 1_5 fusion-one-fifth fusion-column-last fusion-animated\" style=\"--awb-padding-bottom:20px;--awb-bg-size:cover;width:20%;width:calc(20% - ( ( 4% + 3% + 3% ) * 0.2 ) );\" data-animationType=\"zoomInLeft\" data-animationDuration=\"0.9\" data-animationOffset=\"top-into-view\"><div class=\"fusion-column-wrapper fusion-flex-column-wrapper-legacy\"><div class=\"fusion-aligncenter\"><a class=\"fusion-button button-flat fusion-button-default-size button-custom fusion-button-default button-3 fusion-button-default-span fusion-button-default-type\" style=\"--button_accent_color:#ffffff;--button_accent_hover_color:#30adea;--button_border_hover_color:#30adea;--button_gradient_top_color:rgba(48,173,234,0);--button_gradient_bottom_color:rgba(48,173,234,0);--button_gradient_top_color_hover:#ffffff;--button_gradient_bottom_color_hover:#ffffff;\" target=\"_self\" href=\"\/fi\/osta\/\"><span class=\"fusion-button-text awb-button__text awb-button__text--default\">Osta<\/span><\/a><\/div><div class=\"fusion-clearfix\"><\/div><\/div><\/div><\/div><\/div><\/p>\n","protected":false},"excerpt":{"rendered":"","protected":false},"author":7,"featured_media":0,"parent":81,"menu_order":2,"comment_status":"closed","ping_status":"closed","template":"100-width.php","meta":{"inline_featured_image":false,"footnotes":""},"class_list":["post-142","page","type-page","status-publish","hentry"],"yoast_head":"<!-- This site is optimized with the Yoast SEO plugin v27.4 - https:\/\/yoast.com\/product\/yoast-seo-wordpress\/ -->\n<title>SaaS-yritys, j\u00e4lleenmyyntikanavan automatisointi - Pilvi\u2122<\/title>\n<meta name=\"robots\" content=\"index, follow, max-snippet:-1, max-image-preview:large, max-video-preview:-1\" \/>\n<link rel=\"canonical\" href=\"https:\/\/www.pilvi.com\/fi\/esimerkit\/saas-yritys-jalleenmyynti\/\" \/>\n<meta property=\"og:locale\" content=\"fi_FI\" \/>\n<meta property=\"og:type\" content=\"article\" \/>\n<meta property=\"og:title\" content=\"SaaS-yritys, j\u00e4lleenmyyntikanavan automatisointi - Pilvi\u2122\" \/>\n<meta property=\"og:url\" content=\"https:\/\/www.pilvi.com\/fi\/esimerkit\/saas-yritys-jalleenmyynti\/\" \/>\n<meta property=\"og:site_name\" content=\"Pilvi\u2122\" \/>\n<meta property=\"article:modified_time\" content=\"2018-12-14T11:35:32+00:00\" \/>\n<meta name=\"twitter:card\" content=\"summary_large_image\" \/>\n<meta name=\"twitter:label1\" content=\"Arvioitu lukuaika\" \/>\n\t<meta name=\"twitter:data1\" content=\"8 minuuttia\" \/>\n<script type=\"application\/ld+json\" class=\"yoast-schema-graph\">{\"@context\":\"https:\\\/\\\/schema.org\",\"@graph\":[{\"@type\":\"WebPage\",\"@id\":\"https:\\\/\\\/www.pilvi.com\\\/fi\\\/esimerkit\\\/saas-yritys-jalleenmyynti\\\/\",\"url\":\"https:\\\/\\\/www.pilvi.com\\\/fi\\\/esimerkit\\\/saas-yritys-jalleenmyynti\\\/\",\"name\":\"SaaS-yritys, j\u00e4lleenmyyntikanavan automatisointi - Pilvi\u2122\",\"isPartOf\":{\"@id\":\"https:\\\/\\\/www.pilvi.com\\\/en\\\/#website\"},\"datePublished\":\"2017-02-15T12:11:49+00:00\",\"dateModified\":\"2018-12-14T11:35:32+00:00\",\"breadcrumb\":{\"@id\":\"https:\\\/\\\/www.pilvi.com\\\/fi\\\/esimerkit\\\/saas-yritys-jalleenmyynti\\\/#breadcrumb\"},\"inLanguage\":\"fi\",\"potentialAction\":[{\"@type\":\"ReadAction\",\"target\":[\"https:\\\/\\\/www.pilvi.com\\\/fi\\\/esimerkit\\\/saas-yritys-jalleenmyynti\\\/\"]}]},{\"@type\":\"BreadcrumbList\",\"@id\":\"https:\\\/\\\/www.pilvi.com\\\/fi\\\/esimerkit\\\/saas-yritys-jalleenmyynti\\\/#breadcrumb\",\"itemListElement\":[{\"@type\":\"ListItem\",\"position\":1,\"name\":\"Home\",\"item\":\"https:\\\/\\\/www.pilvi.com\\\/fi\\\/\"},{\"@type\":\"ListItem\",\"position\":2,\"name\":\"Esimerkit\",\"item\":\"https:\\\/\\\/www.pilvi.com\\\/fi\\\/esimerkit\\\/\"},{\"@type\":\"ListItem\",\"position\":3,\"name\":\"SaaS-yritys, j\u00e4lleenmyyntikanavan automatisointi\"}]},{\"@type\":\"WebSite\",\"@id\":\"https:\\\/\\\/www.pilvi.com\\\/en\\\/#website\",\"url\":\"https:\\\/\\\/www.pilvi.com\\\/en\\\/\",\"name\":\"Pilvi\u2122\",\"description\":\"Sales Automation for SaaS and other Cloud Services\",\"publisher\":{\"@id\":\"https:\\\/\\\/www.pilvi.com\\\/en\\\/#organization\"},\"potentialAction\":[{\"@type\":\"SearchAction\",\"target\":{\"@type\":\"EntryPoint\",\"urlTemplate\":\"https:\\\/\\\/www.pilvi.com\\\/en\\\/?s={search_term_string}\"},\"query-input\":{\"@type\":\"PropertyValueSpecification\",\"valueRequired\":true,\"valueName\":\"search_term_string\"}}],\"inLanguage\":\"fi\"},{\"@type\":\"Organization\",\"@id\":\"https:\\\/\\\/www.pilvi.com\\\/en\\\/#organization\",\"name\":\"Pilvi Cloud Company Oy\",\"url\":\"https:\\\/\\\/www.pilvi.com\\\/en\\\/\",\"logo\":{\"@type\":\"ImageObject\",\"inLanguage\":\"fi\",\"@id\":\"https:\\\/\\\/www.pilvi.com\\\/en\\\/#\\\/schema\\\/logo\\\/image\\\/\",\"url\":\"https:\\\/\\\/www.pilvi.com\\\/files\\\/2017\\\/02\\\/Pilvi_logo_y49_retina.png\",\"contentUrl\":\"https:\\\/\\\/www.pilvi.com\\\/files\\\/2017\\\/02\\\/Pilvi_logo_y49_retina.png\",\"width\":252,\"height\":98,\"caption\":\"Pilvi Cloud Company Oy\"},\"image\":{\"@id\":\"https:\\\/\\\/www.pilvi.com\\\/en\\\/#\\\/schema\\\/logo\\\/image\\\/\"}}]}<\/script>\n<!-- \/ Yoast SEO plugin. -->","yoast_head_json":{"title":"SaaS-yritys, j\u00e4lleenmyyntikanavan automatisointi - Pilvi\u2122","robots":{"index":"index","follow":"follow","max-snippet":"max-snippet:-1","max-image-preview":"max-image-preview:large","max-video-preview":"max-video-preview:-1"},"canonical":"https:\/\/www.pilvi.com\/fi\/esimerkit\/saas-yritys-jalleenmyynti\/","og_locale":"fi_FI","og_type":"article","og_title":"SaaS-yritys, j\u00e4lleenmyyntikanavan automatisointi - Pilvi\u2122","og_url":"https:\/\/www.pilvi.com\/fi\/esimerkit\/saas-yritys-jalleenmyynti\/","og_site_name":"Pilvi\u2122","article_modified_time":"2018-12-14T11:35:32+00:00","twitter_card":"summary_large_image","twitter_misc":{"Arvioitu lukuaika":"8 minuuttia"},"schema":{"@context":"https:\/\/schema.org","@graph":[{"@type":"WebPage","@id":"https:\/\/www.pilvi.com\/fi\/esimerkit\/saas-yritys-jalleenmyynti\/","url":"https:\/\/www.pilvi.com\/fi\/esimerkit\/saas-yritys-jalleenmyynti\/","name":"SaaS-yritys, j\u00e4lleenmyyntikanavan automatisointi - Pilvi\u2122","isPartOf":{"@id":"https:\/\/www.pilvi.com\/en\/#website"},"datePublished":"2017-02-15T12:11:49+00:00","dateModified":"2018-12-14T11:35:32+00:00","breadcrumb":{"@id":"https:\/\/www.pilvi.com\/fi\/esimerkit\/saas-yritys-jalleenmyynti\/#breadcrumb"},"inLanguage":"fi","potentialAction":[{"@type":"ReadAction","target":["https:\/\/www.pilvi.com\/fi\/esimerkit\/saas-yritys-jalleenmyynti\/"]}]},{"@type":"BreadcrumbList","@id":"https:\/\/www.pilvi.com\/fi\/esimerkit\/saas-yritys-jalleenmyynti\/#breadcrumb","itemListElement":[{"@type":"ListItem","position":1,"name":"Home","item":"https:\/\/www.pilvi.com\/fi\/"},{"@type":"ListItem","position":2,"name":"Esimerkit","item":"https:\/\/www.pilvi.com\/fi\/esimerkit\/"},{"@type":"ListItem","position":3,"name":"SaaS-yritys, j\u00e4lleenmyyntikanavan automatisointi"}]},{"@type":"WebSite","@id":"https:\/\/www.pilvi.com\/en\/#website","url":"https:\/\/www.pilvi.com\/en\/","name":"Pilvi\u2122","description":"Sales Automation for SaaS and other Cloud Services","publisher":{"@id":"https:\/\/www.pilvi.com\/en\/#organization"},"potentialAction":[{"@type":"SearchAction","target":{"@type":"EntryPoint","urlTemplate":"https:\/\/www.pilvi.com\/en\/?s={search_term_string}"},"query-input":{"@type":"PropertyValueSpecification","valueRequired":true,"valueName":"search_term_string"}}],"inLanguage":"fi"},{"@type":"Organization","@id":"https:\/\/www.pilvi.com\/en\/#organization","name":"Pilvi Cloud Company Oy","url":"https:\/\/www.pilvi.com\/en\/","logo":{"@type":"ImageObject","inLanguage":"fi","@id":"https:\/\/www.pilvi.com\/en\/#\/schema\/logo\/image\/","url":"https:\/\/www.pilvi.com\/files\/2017\/02\/Pilvi_logo_y49_retina.png","contentUrl":"https:\/\/www.pilvi.com\/files\/2017\/02\/Pilvi_logo_y49_retina.png","width":252,"height":98,"caption":"Pilvi Cloud Company Oy"},"image":{"@id":"https:\/\/www.pilvi.com\/en\/#\/schema\/logo\/image\/"}}]}},"_links":{"self":[{"href":"https:\/\/www.pilvi.com\/fi\/wp-json\/wp\/v2\/pages\/142","targetHints":{"allow":["GET"]}}],"collection":[{"href":"https:\/\/www.pilvi.com\/fi\/wp-json\/wp\/v2\/pages"}],"about":[{"href":"https:\/\/www.pilvi.com\/fi\/wp-json\/wp\/v2\/types\/page"}],"author":[{"embeddable":true,"href":"https:\/\/www.pilvi.com\/fi\/wp-json\/wp\/v2\/users\/7"}],"replies":[{"embeddable":true,"href":"https:\/\/www.pilvi.com\/fi\/wp-json\/wp\/v2\/comments?post=142"}],"version-history":[{"count":3,"href":"https:\/\/www.pilvi.com\/fi\/wp-json\/wp\/v2\/pages\/142\/revisions"}],"predecessor-version":[{"id":4362,"href":"https:\/\/www.pilvi.com\/fi\/wp-json\/wp\/v2\/pages\/142\/revisions\/4362"}],"up":[{"embeddable":true,"href":"https:\/\/www.pilvi.com\/fi\/wp-json\/wp\/v2\/pages\/81"}],"wp:attachment":[{"href":"https:\/\/www.pilvi.com\/fi\/wp-json\/wp\/v2\/media?parent=142"}],"curies":[{"name":"wp","href":"https:\/\/api.w.org\/{rel}","templated":true}]}}