{"id":3580,"date":"2017-09-29T09:38:25","date_gmt":"2017-09-29T06:38:25","guid":{"rendered":"http:\/\/www.pilvi.com\/?page_id=3580\/"},"modified":"2019-10-30T18:14:15","modified_gmt":"2019-10-30T15:14:15","slug":"ota-kayttoon-ilmaisversio","status":"publish","type":"page","link":"https:\/\/www.pilvi.com\/fi\/ota-kayttoon-ilmaisversio\/","title":{"rendered":"Aloita ilmaiseksi"},"content":{"rendered":"<p><div class=\"fusion-fullwidth fullwidth-box fusion-builder-row-1 faded-background fusion-parallax-fixed hundred-percent-fullwidth non-hundred-percent-height-scrolling fusion-equal-height-columns\" style=\"--awb-background-position:right bottom;--awb-border-radius-top-left:0px;--awb-border-radius-top-right:0px;--awb-border-radius-bottom-right:0px;--awb-border-radius-bottom-left:0px;--awb-padding-right:0px;--awb-padding-left:0px;--awb-background-size:cover;--awb-flex-wrap:wrap;background-attachment:fixed;\" ><div class=\"fullwidth-faded\" style=\"--awb-background-position:right bottom;--awb-background-parallax:fixed;--awb-background-image:url(\/files\/2017\/05\/mainNEW_2560x_50.jpg);--awb-background-size:cover;\" ><\/div><div class=\"fusion-builder-row fusion-row\"><div class=\"fusion-layout-column fusion_builder_column fusion-builder-column-0 fusion_builder_column_1_1 1_1 fusion-one-full fusion-column-first fusion-column-last fusion-column-no-min-height\" style=\"--awb-bg-size:cover;\"><div class=\"fusion-column-wrapper fusion-flex-column-wrapper-legacy\"><div class=\"fusion-sep-clear\"><\/div><div class=\"fusion-separator fusion-full-width-sep\" style=\"margin-left: auto;margin-right: auto;width:100%;\"><div class=\"fusion-separator-border sep-single sep-solid\" style=\"--awb-height:20px;--awb-amount:20px;--awb-sep-color:rgba(255,255,255,0);border-color:rgba(255,255,255,0);border-top-width:50px;\"><\/div><\/div><div class=\"fusion-sep-clear\"><\/div><div class=\"fusion-sep-clear\"><\/div><div class=\"fusion-separator fusion-full-width-sep\" style=\"margin-left: auto;margin-right: auto;width:100%;\"><div class=\"fusion-separator-border sep-single sep-solid\" style=\"--awb-height:20px;--awb-amount:20px;--awb-sep-color:rgba(255,255,255,0);border-color:rgba(255,255,255,0);border-top-width:50px;\"><\/div><\/div><div class=\"fusion-sep-clear\"><\/div><div class=\"fusion-sep-clear\"><\/div><div class=\"fusion-separator fusion-full-width-sep\" style=\"margin-left: auto;margin-right: auto;width:100%;\"><div class=\"fusion-separator-border sep-single sep-solid\" style=\"--awb-height:20px;--awb-amount:20px;--awb-sep-color:rgba(255,255,255,0);border-color:rgba(255,255,255,0);border-top-width:50px;\"><\/div><\/div><div class=\"fusion-sep-clear\"><\/div><div class=\"fusion-sep-clear\"><\/div><div class=\"fusion-separator fusion-full-width-sep\" style=\"margin-left: auto;margin-right: auto;width:100%;\"><div class=\"fusion-separator-border sep-single sep-solid\" style=\"--awb-height:20px;--awb-amount:20px;--awb-sep-color:rgba(255,255,255,0);border-color:rgba(255,255,255,0);border-top-width:50px;\"><\/div><\/div><div class=\"fusion-sep-clear\"><\/div><div class=\"fusion-sep-clear\"><\/div><div class=\"fusion-separator fusion-full-width-sep\" style=\"margin-left: auto;margin-right: auto;width:100%;\"><div class=\"fusion-separator-border sep-single sep-solid\" style=\"--awb-height:20px;--awb-amount:20px;--awb-sep-color:rgba(255,255,255,0);border-color:rgba(255,255,255,0);border-top-width:50px;\"><\/div><\/div><div class=\"fusion-sep-clear\"><\/div><div class=\"fusion-clearfix\"><\/div><\/div><\/div><div class=\"fusion-layout-column fusion_builder_column fusion-builder-column-1 fusion_builder_column_1_4 1_4 fusion-one-fourth fusion-column-first fusion-no-small-visibility fusion-no-medium-visibility\" style=\"--awb-bg-color:rgba(48,173,234,0.93);--awb-bg-color-hover:rgba(48,173,234,0.93);--awb-bg-repeat:repeat;width:25%;width:calc(25% - ( ( 0% + 0% ) * 0.25 ) );margin-right: 0%;\"><div class=\"fusion-column-wrapper fusion-flex-column-wrapper-legacy\"><div class=\"fusion-clearfix\"><\/div><\/div><\/div><div class=\"fusion-layout-column fusion_builder_column fusion-builder-column-2 fusion_builder_column_1_2 1_2 fusion-one-half\" style=\"--awb-padding-top:60px;--awb-padding-right:5%;--awb-padding-bottom:60px;--awb-padding-left:5%;--awb-bg-color:rgba(48,173,234,0.93);--awb-bg-color-hover:rgba(48,173,234,0.93);--awb-bg-size:cover;width:50%;width:calc(50% - ( ( 0% + 0% ) * 0.5 ) );margin-right: 0%;\"><div class=\"fusion-column-wrapper fusion-flex-column-wrapper-legacy\"><div class=\"fusion-title title fusion-title-1 fusion-sep-none fusion-title-center fusion-title-text fusion-title-size-one\" style=\"--awb-margin-top:0em;--awb-margin-top-small:0px;--awb-margin-right-small:0px;--awb-margin-bottom-small:20px;--awb-margin-left-small:0px;\"><h1 class=\"fusion-title-heading title-heading-center fusion-responsive-typography-calculated\" style=\"margin:0;--fontSize:44;line-height:1.3;\"><span style=\"color: #ffffff\">Pilvi\u2122 Developer<\/span><\/h1><\/div><div class=\"fusion-title title fusion-title-2 fusion-sep-none fusion-title-center fusion-title-text fusion-title-size-three\" style=\"--awb-margin-top:0em;--awb-margin-top-small:0px;--awb-margin-right-small:0px;--awb-margin-bottom-small:20px;--awb-margin-left-small:0px;\"><h3 class=\"fusion-title-heading title-heading-center fusion-responsive-typography-calculated\" style=\"margin:0;--fontSize:24;--minFontSize:24;line-height:1.4;\"><span style=\"color: #ffffff\">Aloita myynti verkossa ilman k\u00e4ynnistyskuluja!<\/span><\/h3><\/div><div class=\"fusion-text fusion-text-1\"><p class=\"ingress\" style=\"text-align: center\">Pilvi\u2122 Developer on ilmainen kehitysymp\u00e4rist\u00f6, jolla voit rakentaa oman myyntikanavan. Voit sen avulla aloittaa myynnin verkossa ilman riski\u00e4. Voi luoda tuotteellesi my\u00f6s kokeiluprosessin, eli alkaa ker\u00e4t\u00e4 k\u00e4ytt\u00e4ji\u00e4 tietokantaan ja automatisoida kokeiluk\u00e4ytt\u00f6\u00e4 aktivoivan ja opastavan viestiliikenteen. Maksuj\u00e4rjestelm\u00e4n\u00e4 toimii Stripe tai Paytrail.<\/p>\n<p class=\"ingress\" style=\"text-align: center\">Kun kauppa alkaa k\u00e4yd\u00e4 maksat meille vain 10% provision myynnist\u00e4.<\/p>\n<\/div><div class=\"fusion-clearfix\"><\/div><\/div><\/div><div class=\"fusion-layout-column fusion_builder_column fusion-builder-column-3 fusion_builder_column_1_4 1_4 fusion-one-fourth fusion-column-last fusion-no-small-visibility fusion-no-medium-visibility\" style=\"--awb-bg-color:rgba(48,173,234,0.93);--awb-bg-color-hover:rgba(48,173,234,0.93);--awb-bg-repeat:repeat;width:25%;width:calc(25% - ( ( 0% + 0% ) * 0.25 ) );\"><div class=\"fusion-column-wrapper fusion-flex-column-wrapper-legacy\"><div class=\"fusion-clearfix\"><\/div><\/div><\/div><\/div><\/div><div class=\"fusion-fullwidth fullwidth-box fusion-builder-row-2 nonhundred-percent-fullwidth non-hundred-percent-height-scrolling fusion-equal-height-columns\" style=\"--awb-border-radius-top-left:0px;--awb-border-radius-top-right:0px;--awb-border-radius-bottom-right:0px;--awb-border-radius-bottom-left:0px;--awb-padding-top:40px;--awb-padding-bottom:20px;--awb-background-color:#45d0c0;--awb-flex-wrap:wrap;\" ><div class=\"fusion-builder-row fusion-row\"><div class=\"fusion-layout-column fusion_builder_column fusion-builder-column-4 fusion_builder_column_1_2 1_2 fusion-one-half fusion-column-first fusion-animated\" style=\"--awb-padding-bottom:20px;--awb-bg-size:cover;width:50%;width:calc(50% - ( ( 4% ) * 0.5 ) );margin-right: 4%;\" data-animationType=\"zoomIn\" data-animationDuration=\"0.3\" data-animationOffset=\"top-into-view\"><div class=\"fusion-column-wrapper fusion-flex-column-wrapper-legacy\"><div class=\"fusion-title title fusion-title-3 fusion-sep-none fusion-title-center fusion-title-text fusion-title-size-two\" style=\"--awb-margin-top:0em;--awb-margin-bottom:0em;--awb-margin-top-small:0px;--awb-margin-right-small:0px;--awb-margin-bottom-small:20px;--awb-margin-left-small:0px;\"><h2 class=\"fusion-title-heading title-heading-center fusion-responsive-typography-calculated\" style=\"margin:0;--fontSize:31;line-height:1.3;\"><span style=\"color: #ffffff\">Ota Pilvi\u2122 Developer k\u00e4ytt\u00f6\u00f6n ja aloita myynti jo t\u00e4n\u00e4\u00e4n!<\/span><\/h2><\/div><div class=\"fusion-clearfix\"><\/div><\/div><\/div><div class=\"fusion-layout-column fusion_builder_column fusion-builder-column-5 fusion_builder_column_1_3 1_3 fusion-one-third fusion-column-last fusion-animated\" style=\"--awb-padding-bottom:20px;--awb-bg-size:cover;width:33.333333333333%;width:calc(33.333333333333% - ( ( 4% ) * 0.33333333333333 ) );\" data-animationType=\"zoomInLeft\" data-animationDuration=\"0.5\" data-animationOffset=\"top-into-view\"><div class=\"fusion-column-wrapper fusion-flex-column-wrapper-legacy\"><div class=\"fusion-aligncenter\"><a class=\"fusion-button button-flat fusion-button-default-size button-custom fusion-button-default button-1 fusion-button-default-span fusion-button-default-type\" style=\"--button_accent_color:#ffffff;--button_accent_hover_color:#30adea;--button_border_hover_color:#30adea;--button_gradient_top_color:#30adea;--button_gradient_bottom_color:#30adea;--button_gradient_top_color_hover:#ffffff;--button_gradient_bottom_color_hover:#ffffff;\" target=\"_self\" href=\"https:\/\/onboarding.saas.pilvi.com\/products\/2\/pilvi-cloud-shop-for-saas-free\"><span class=\"fusion-button-text awb-button__text awb-button__text--default\">Rekister\u00f6idy t\u00e4st\u00e4<\/span><\/a><\/div><div class=\"fusion-clearfix\"><\/div><\/div><\/div><\/div><\/div><\/p>\n","protected":false},"excerpt":{"rendered":"","protected":false},"author":11,"featured_media":0,"parent":0,"menu_order":0,"comment_status":"closed","ping_status":"closed","template":"100-width.php","meta":{"inline_featured_image":false,"footnotes":""},"class_list":["post-3580","page","type-page","status-publish","hentry"],"yoast_head":"<!-- This site is optimized with the Yoast SEO plugin v27.4 - https:\/\/yoast.com\/product\/yoast-seo-wordpress\/ -->\n<title>Aloita ilmaiseksi - Pilvi\u2122<\/title>\n<meta name=\"robots\" content=\"index, follow, max-snippet:-1, max-image-preview:large, max-video-preview:-1\" \/>\n<link rel=\"canonical\" href=\"https:\/\/www.pilvi.com\/fi\/ota-kayttoon-ilmaisversio\/\" \/>\n<meta property=\"og:locale\" content=\"fi_FI\" \/>\n<meta property=\"og:type\" content=\"article\" \/>\n<meta property=\"og:title\" content=\"Aloita ilmaiseksi - Pilvi\u2122\" \/>\n<meta property=\"og:url\" content=\"https:\/\/www.pilvi.com\/fi\/ota-kayttoon-ilmaisversio\/\" \/>\n<meta property=\"og:site_name\" content=\"Pilvi\u2122\" \/>\n<meta property=\"article:modified_time\" content=\"2019-10-30T15:14:15+00:00\" \/>\n<meta name=\"twitter:card\" content=\"summary_large_image\" \/>\n<meta name=\"twitter:label1\" content=\"Arvioitu lukuaika\" \/>\n\t<meta name=\"twitter:data1\" content=\"6 minuuttia\" \/>\n<script type=\"application\/ld+json\" class=\"yoast-schema-graph\">{\"@context\":\"https:\\\/\\\/schema.org\",\"@graph\":[{\"@type\":\"WebPage\",\"@id\":\"https:\\\/\\\/www.pilvi.com\\\/fi\\\/ota-kayttoon-ilmaisversio\\\/\",\"url\":\"https:\\\/\\\/www.pilvi.com\\\/fi\\\/ota-kayttoon-ilmaisversio\\\/\",\"name\":\"Aloita ilmaiseksi - Pilvi\u2122\",\"isPartOf\":{\"@id\":\"https:\\\/\\\/www.pilvi.com\\\/en\\\/#website\"},\"datePublished\":\"2017-09-29T06:38:25+00:00\",\"dateModified\":\"2019-10-30T15:14:15+00:00\",\"breadcrumb\":{\"@id\":\"https:\\\/\\\/www.pilvi.com\\\/fi\\\/ota-kayttoon-ilmaisversio\\\/#breadcrumb\"},\"inLanguage\":\"fi\",\"potentialAction\":[{\"@type\":\"ReadAction\",\"target\":[\"https:\\\/\\\/www.pilvi.com\\\/fi\\\/ota-kayttoon-ilmaisversio\\\/\"]}]},{\"@type\":\"BreadcrumbList\",\"@id\":\"https:\\\/\\\/www.pilvi.com\\\/fi\\\/ota-kayttoon-ilmaisversio\\\/#breadcrumb\",\"itemListElement\":[{\"@type\":\"ListItem\",\"position\":1,\"name\":\"Home\",\"item\":\"https:\\\/\\\/www.pilvi.com\\\/fi\\\/\"},{\"@type\":\"ListItem\",\"position\":2,\"name\":\"Aloita ilmaiseksi\"}]},{\"@type\":\"WebSite\",\"@id\":\"https:\\\/\\\/www.pilvi.com\\\/en\\\/#website\",\"url\":\"https:\\\/\\\/www.pilvi.com\\\/en\\\/\",\"name\":\"Pilvi\u2122\",\"description\":\"Sales Automation for SaaS and other Cloud Services\",\"publisher\":{\"@id\":\"https:\\\/\\\/www.pilvi.com\\\/en\\\/#organization\"},\"potentialAction\":[{\"@type\":\"SearchAction\",\"target\":{\"@type\":\"EntryPoint\",\"urlTemplate\":\"https:\\\/\\\/www.pilvi.com\\\/en\\\/?s={search_term_string}\"},\"query-input\":{\"@type\":\"PropertyValueSpecification\",\"valueRequired\":true,\"valueName\":\"search_term_string\"}}],\"inLanguage\":\"fi\"},{\"@type\":\"Organization\",\"@id\":\"https:\\\/\\\/www.pilvi.com\\\/en\\\/#organization\",\"name\":\"Pilvi Cloud Company Oy\",\"url\":\"https:\\\/\\\/www.pilvi.com\\\/en\\\/\",\"logo\":{\"@type\":\"ImageObject\",\"inLanguage\":\"fi\",\"@id\":\"https:\\\/\\\/www.pilvi.com\\\/en\\\/#\\\/schema\\\/logo\\\/image\\\/\",\"url\":\"https:\\\/\\\/www.pilvi.com\\\/files\\\/2017\\\/02\\\/Pilvi_logo_y49_retina.png\",\"contentUrl\":\"https:\\\/\\\/www.pilvi.com\\\/files\\\/2017\\\/02\\\/Pilvi_logo_y49_retina.png\",\"width\":252,\"height\":98,\"caption\":\"Pilvi Cloud Company Oy\"},\"image\":{\"@id\":\"https:\\\/\\\/www.pilvi.com\\\/en\\\/#\\\/schema\\\/logo\\\/image\\\/\"}}]}<\/script>\n<!-- \/ Yoast SEO plugin. -->","yoast_head_json":{"title":"Aloita ilmaiseksi - Pilvi\u2122","robots":{"index":"index","follow":"follow","max-snippet":"max-snippet:-1","max-image-preview":"max-image-preview:large","max-video-preview":"max-video-preview:-1"},"canonical":"https:\/\/www.pilvi.com\/fi\/ota-kayttoon-ilmaisversio\/","og_locale":"fi_FI","og_type":"article","og_title":"Aloita ilmaiseksi - Pilvi\u2122","og_url":"https:\/\/www.pilvi.com\/fi\/ota-kayttoon-ilmaisversio\/","og_site_name":"Pilvi\u2122","article_modified_time":"2019-10-30T15:14:15+00:00","twitter_card":"summary_large_image","twitter_misc":{"Arvioitu lukuaika":"6 minuuttia"},"schema":{"@context":"https:\/\/schema.org","@graph":[{"@type":"WebPage","@id":"https:\/\/www.pilvi.com\/fi\/ota-kayttoon-ilmaisversio\/","url":"https:\/\/www.pilvi.com\/fi\/ota-kayttoon-ilmaisversio\/","name":"Aloita ilmaiseksi - Pilvi\u2122","isPartOf":{"@id":"https:\/\/www.pilvi.com\/en\/#website"},"datePublished":"2017-09-29T06:38:25+00:00","dateModified":"2019-10-30T15:14:15+00:00","breadcrumb":{"@id":"https:\/\/www.pilvi.com\/fi\/ota-kayttoon-ilmaisversio\/#breadcrumb"},"inLanguage":"fi","potentialAction":[{"@type":"ReadAction","target":["https:\/\/www.pilvi.com\/fi\/ota-kayttoon-ilmaisversio\/"]}]},{"@type":"BreadcrumbList","@id":"https:\/\/www.pilvi.com\/fi\/ota-kayttoon-ilmaisversio\/#breadcrumb","itemListElement":[{"@type":"ListItem","position":1,"name":"Home","item":"https:\/\/www.pilvi.com\/fi\/"},{"@type":"ListItem","position":2,"name":"Aloita ilmaiseksi"}]},{"@type":"WebSite","@id":"https:\/\/www.pilvi.com\/en\/#website","url":"https:\/\/www.pilvi.com\/en\/","name":"Pilvi\u2122","description":"Sales Automation for SaaS and other Cloud Services","publisher":{"@id":"https:\/\/www.pilvi.com\/en\/#organization"},"potentialAction":[{"@type":"SearchAction","target":{"@type":"EntryPoint","urlTemplate":"https:\/\/www.pilvi.com\/en\/?s={search_term_string}"},"query-input":{"@type":"PropertyValueSpecification","valueRequired":true,"valueName":"search_term_string"}}],"inLanguage":"fi"},{"@type":"Organization","@id":"https:\/\/www.pilvi.com\/en\/#organization","name":"Pilvi Cloud Company Oy","url":"https:\/\/www.pilvi.com\/en\/","logo":{"@type":"ImageObject","inLanguage":"fi","@id":"https:\/\/www.pilvi.com\/en\/#\/schema\/logo\/image\/","url":"https:\/\/www.pilvi.com\/files\/2017\/02\/Pilvi_logo_y49_retina.png","contentUrl":"https:\/\/www.pilvi.com\/files\/2017\/02\/Pilvi_logo_y49_retina.png","width":252,"height":98,"caption":"Pilvi Cloud Company Oy"},"image":{"@id":"https:\/\/www.pilvi.com\/en\/#\/schema\/logo\/image\/"}}]}},"_links":{"self":[{"href":"https:\/\/www.pilvi.com\/fi\/wp-json\/wp\/v2\/pages\/3580","targetHints":{"allow":["GET"]}}],"collection":[{"href":"https:\/\/www.pilvi.com\/fi\/wp-json\/wp\/v2\/pages"}],"about":[{"href":"https:\/\/www.pilvi.com\/fi\/wp-json\/wp\/v2\/types\/page"}],"author":[{"embeddable":true,"href":"https:\/\/www.pilvi.com\/fi\/wp-json\/wp\/v2\/users\/11"}],"replies":[{"embeddable":true,"href":"https:\/\/www.pilvi.com\/fi\/wp-json\/wp\/v2\/comments?post=3580"}],"version-history":[{"count":8,"href":"https:\/\/www.pilvi.com\/fi\/wp-json\/wp\/v2\/pages\/3580\/revisions"}],"predecessor-version":[{"id":6604,"href":"https:\/\/www.pilvi.com\/fi\/wp-json\/wp\/v2\/pages\/3580\/revisions\/6604"}],"wp:attachment":[{"href":"https:\/\/www.pilvi.com\/fi\/wp-json\/wp\/v2\/media?parent=3580"}],"curies":[{"name":"wp","href":"https:\/\/api.w.org\/{rel}","templated":true}]}}