{"id":4382,"date":"2017-11-24T13:45:18","date_gmt":"2017-11-24T11:45:18","guid":{"rendered":"http:\/\/www.pilvi.com\/?page_id=4382"},"modified":"2018-12-14T14:35:13","modified_gmt":"2018-12-14T11:35:13","slug":"vapaat-tyopaikatfront-end-developer-kehittaja","status":"publish","type":"page","link":"https:\/\/www.pilvi.com\/fi\/pilvi-cloud-company-oy\/pilvi-tyopaikkana\/vapaat-tyopaikatfront-end-developer-kehittaja\/","title":{"rendered":"Vapaat ty\u00f6paikat: Front-end Developer (1-5v kokemus)"},"content":{"rendered":"<p><div class=\"fusion-bg-parallax\" data-bg-align=\"center top\" data-direction=\"left\" data-mute=\"false\" data-opacity=\"100\" data-velocity=\"-0.3\" data-mobile-enabled=\"false\" data-break_parents=\"0\" data-bg-image=\"\/files\/2017\/02\/main-img_2560x_2_1_50_blurred.jpg\" data-bg-repeat=\"false\" ><\/div><div class=\"fusion-fullwidth fullwidth-box fusion-builder-row-1 fusion-parallax-left nonhundred-percent-fullwidth non-hundred-percent-height-scrolling\" style=\"--awb-background-position:center top;--awb-border-radius-top-left:0px;--awb-border-radius-top-right:0px;--awb-border-radius-bottom-right:0px;--awb-border-radius-bottom-left:0px;--awb-background-image:url(&quot;\/files\/2017\/02\/main-img_2560x_2_1_50_blurred.jpg&quot;);--awb-background-size:cover;--awb-flex-wrap:wrap;\" ><div class=\"fusion-builder-row fusion-row\"><div class=\"fusion-layout-column fusion_builder_column fusion-builder-column-0 fusion_builder_column_1_1 1_1 fusion-one-full fusion-column-first fusion-column-last fusion-animated\" style=\"--awb-padding-top:6%;--awb-padding-bottom:8%;--awb-bg-size:cover;\" data-animationType=\"fadeInLeft\" data-animationDuration=\"0.3\" data-animationOffset=\"top-into-view\"><div class=\"fusion-column-wrapper fusion-flex-column-wrapper-legacy\"><div class=\"fusion-title title fusion-title-1 fusion-sep-none fusion-title-text fusion-title-size-one\" style=\"--awb-margin-top-small:0px;--awb-margin-right-small:0px;--awb-margin-bottom-small:20px;--awb-margin-left-small:0px;\"><h1 class=\"fusion-title-heading title-heading-left fusion-responsive-typography-calculated\" style=\"--fontSize:44;line-height:1.3;\">Vapaat ty\u00f6paikat: Front-end Developer (1-5v ty\u00f6kokemus)<\/h1><\/div><div class=\"fusion-clearfix\"><\/div><\/div><\/div><\/div><\/div><div class=\"fusion-fullwidth fullwidth-box fusion-builder-row-2 hundred-percent-fullwidth non-hundred-percent-height-scrolling\" style=\"--awb-border-radius-top-left:0px;--awb-border-radius-top-right:0px;--awb-border-radius-bottom-right:0px;--awb-border-radius-bottom-left:0px;--awb-padding-right:0px;--awb-padding-left:0px;--awb-background-color:#30adea;--awb-flex-wrap:wrap;\" ><div class=\"fusion-builder-row fusion-row\"><div class=\"fusion-layout-column fusion_builder_column fusion-builder-column-1 fusion_builder_column_1_1 1_1 fusion-one-full fusion-column-first fusion-column-last\" style=\"--awb-bg-size:cover;\"><div class=\"fusion-column-wrapper fusion-flex-column-wrapper-legacy\"><div class=\"fusion-sep-clear\"><\/div><div class=\"fusion-separator fusion-full-width-sep\" style=\"margin-left: auto;margin-right: auto;width:100%;\"><div class=\"fusion-separator-border sep-single sep-solid\" style=\"--awb-height:20px;--awb-amount:20px;--awb-sep-color:#30adea;border-color:#30adea;border-top-width:8px;\"><\/div><\/div><div class=\"fusion-sep-clear\"><\/div><div class=\"fusion-clearfix\"><\/div><\/div><\/div><\/div><\/div><div class=\"fusion-fullwidth fullwidth-box fusion-builder-row-3 nonhundred-percent-fullwidth non-hundred-percent-height-scrolling\" style=\"--awb-border-radius-top-left:0px;--awb-border-radius-top-right:0px;--awb-border-radius-bottom-right:0px;--awb-border-radius-bottom-left:0px;--awb-padding-top:60px;--awb-padding-bottom:80px;--awb-flex-wrap:wrap;\" ><div class=\"fusion-builder-row fusion-row\"><div class=\"fusion-layout-column fusion_builder_column fusion-builder-column-2 fusion_builder_column_3_5 3_5 fusion-three-fifth fusion-column-first\" style=\"--awb-bg-size:cover;width:58.4%; margin-right: 4%;\"><div class=\"fusion-column-wrapper fusion-flex-column-wrapper-legacy\"><div class=\"fusion-text fusion-text-1\"><p><em><span style=\"font-weight: 400\">Haluatko olla osana Pilven tuotekehityst\u00e4, vaikuttamassa SaaS -palveluiden verkko-ostamisen helppouteen ja k\u00e4ytt\u00f6kokemukseen? Tunnistatko mik\u00e4 tekee verkko-ostamisen kokemuksesta hyv\u00e4n ja miten SaaS-palveluiden kokeilu- ja ostoprosessi menee?<\/span><\/em><\/p>\n<p><span style=\"font-weight: 400\">Pilvi on jatkuvien palveluiden verkkokauppaan keskittynyt ohjelmistotalo. Yhti\u00f6n p\u00e4\u00e4tuote on Pilvi\u2122 -niminen verkkokauppa-alusta. Se on pilvipalveluiden, kuten ohjelmistojen (saas) ja hosting (iaas, paas) verkkomyyntiin kehitetty tuote. Etsimme frontend suuntautunutta ohjelmistosuunnittelijaa tuotekehitystiimiimme. Sinulla tulee olla v\u00e4hint\u00e4\u00e4n muutaman vuoden kokemus ohjelmistokehityksest\u00e4 ty\u00f6el\u00e4m\u00e4ss\u00e4.<\/span><\/p>\n<\/div><div class=\"fusion-title title fusion-title-2 fusion-sep-none fusion-title-text fusion-title-size-two\" style=\"--awb-margin-top-small:0px;--awb-margin-right-small:0px;--awb-margin-bottom-small:20px;--awb-margin-left-small:0px;\"><h2 class=\"fusion-title-heading title-heading-left fusion-responsive-typography-calculated\" style=\"--fontSize:31;line-height:1.3;\">Ty\u00f6teht\u00e4v\u00e4: Front-end kehitt\u00e4j\u00e4<\/h2><\/div><div class=\"fusion-text fusion-text-2\"><p><span style=\"font-weight: 400\">Teht\u00e4v\u00e4n\u00e4si tulee olemaan Pilven web-k\u00e4ytt\u00f6liittym\u00e4n suunnittelu ja kehitysty\u00f6. P\u00e4\u00e4set m\u00e4\u00e4rittelem\u00e4\u00e4n ja toteuttamaan uusia toiminnallisuuksia yhdess\u00e4 kehitystiimimme ja asiakkaidemme kanssa.<\/span><\/p>\n<p><span style=\"font-weight: 400\">Teht\u00e4v\u00e4 edellytt\u00e4\u00e4 k\u00e4yt\u00e4nn\u00f6n kokemusta web-ohjelmistokehityksest\u00e4 ja perusteknologioista kuten HTML5, CSS ja Javascript. Olet my\u00f6s rakentanut sovelluksia yhdell\u00e4 tai useammalla modernilla Javascript frameworkilla (Vue, React, Angular, Ember), ehk\u00e4 n\u00e4iden yhteydess\u00e4 sinulle on my\u00f6s tullut tutuksi gulp tai grunt, Sass tai LESS. Lis\u00e4ksi REST-rajapintojen hy\u00f6dynt\u00e4minen ja rakentaminen on sinulle tuttua puuhaa.<\/span><\/p>\n<p><span style=\"font-weight: 400\">Eduksi katsotaan jos sinulla on jonkinlaista osaamista lis\u00e4ksi seuraavista teknologioista: PHP, Java EE, Redis, PostgreSQL.<\/span><\/p>\n<p><span style=\"font-weight: 400\">Sinulta tullaan odottamaan my\u00f6s n\u00e4kemyksi\u00e4 ja ajatuksia kehitysprosesseista ja ty\u00f6skentelytavoista, sek\u00e4 n\u00e4iden edelleen kehitt\u00e4misest\u00e4. Haluat jatkuvasti oppia uutta ja jakaa oppimaasi ty\u00f6yhteis\u00f6ss\u00e4.<\/span><\/p>\n<\/div><div class=\"fusion-title title fusion-title-3 fusion-sep-none fusion-title-text fusion-title-size-two\" style=\"--awb-margin-top-small:0px;--awb-margin-right-small:0px;--awb-margin-bottom-small:20px;--awb-margin-left-small:0px;\"><h2 class=\"fusion-title-heading title-heading-left fusion-responsive-typography-calculated\" style=\"--fontSize:31;line-height:1.3;\">Tarjoamme sinulle<\/h2><\/div><div class=\"fusion-text fusion-text-3\"><p><span style=\"font-weight: 400\">Tarjoamme sinulle merkityksellisen ty\u00f6n, jossa k\u00e4ttesi j\u00e4lki huomataan, sill\u00e4 tiimimme on viel\u00e4 pieni ja sen jokaisen osasen vaikutus liiketoiminnallemme on t\u00e4rke\u00e4. Meill\u00e4 p\u00e4\u00e4set kehitt\u00e4m\u00e4\u00e4n ja kehittym\u00e4\u00e4n: olemme pieni ohjelmistoyhti\u00f6, jossa p\u00e4\u00e4set vaikuttamaan siihen mit\u00e4 teet, miten teet ja mit\u00e4 ty\u00f6v\u00e4lineit\u00e4 k\u00e4yt\u00e4t.<\/span><span style=\"font-weight: 400\"><br \/>\n<\/span><span style=\"font-weight: 400\"><br \/>\n<\/span><span style=\"font-weight: 400\">Meill\u00e4 p\u00e4\u00e4set tositoimiin SaaS -kehitysyhti\u00f6n ytimeen ja osaksi rehti\u00e4 ja kannustavaa porukkaa, joka kirjoittaa suomalaista menestystarinaa ohjelmistotoimialalle. Tarjolla on my\u00f6s mahdollisuus hankkia yhti\u00f6n osakkeita ja n\u00e4in vaurastua mik\u00e4li onnistumme menestym\u00e4\u00e4n.<\/span><span style=\"font-weight: 400\"><br \/>\n<\/span><span style=\"font-weight: 400\"><br \/>\n<\/span><span style=\"font-weight: 400\">Toimistomme sijaitsee Espoon Lepp\u00e4vaarassa. Selloon ja juna-asemalle on matkaa noin 200 m, joten kulkuyhteydet ovat hyv\u00e4t.<\/span><\/p>\n<\/div><div class=\"fusion-title title fusion-title-4 fusion-sep-none fusion-title-text fusion-title-size-two\" style=\"--awb-margin-top-small:0px;--awb-margin-right-small:0px;--awb-margin-bottom-small:20px;--awb-margin-left-small:0px;\"><h2 class=\"fusion-title-heading title-heading-left fusion-responsive-typography-calculated\" style=\"--fontSize:31;line-height:1.3;\">Oletko uusi ty\u00f6kaverimme?<\/h2><\/div><div class=\"fusion-text fusion-text-4\"><p>Oletko valmis rakentamaan maailman parasta SaaS-tuotetta SaaS-yhti\u00f6ille. Vapaamuotoisen hakemuksen CV:ll\u00e4\u00a0varustettuna voit l\u00e4hett\u00e4\u00e4 osoitteeseen: <a href=\"mailto:hakemukset@pilvi.com\">hakemukset@pilvi.com<\/a>.<\/p>\n<p>Jos viel\u00e4 mietit, onko t\u00e4m\u00e4 projekti ja Pilvi sinulle oikea ura-askel, voit olla yhteydess\u00e4 Tapio Talvisaloon (tuotepomo) s\u00e4hk\u00f6postilla <a href=\"mailto:tapio@pilvi.com\">tapio@pilvi.com<\/a> tai puhelimitse <a href=\"tel:\/\/+358-40-503-5953\">+358 40 503 5953<\/a>. Tapsa kertoo mielell\u00e4\u00e4n lis\u00e4\u00e4, tuotteesta, yhti\u00f6st\u00e4 ja tavoitteista ja mit\u00e4 sinulta odotamme.<\/p>\n<\/div><div class=\"fusion-clearfix\"><\/div><\/div><\/div><div class=\"fusion-layout-column fusion_builder_column fusion-builder-column-3 fusion_builder_column_2_5 2_5 fusion-two-fifth fusion-column-last fusion-no-small-visibility fusion-no-medium-visibility fusion-animated\" style=\"--awb-bg-size:cover;width:37.6%;\" data-animationType=\"fadeIn\" data-animationDuration=\"0.3\" data-animationOffset=\"top-into-view\"><div class=\"fusion-column-wrapper fusion-flex-column-wrapper-legacy\"><div class=\"fusion-image-element fusion-image-align-right in-legacy-container\" style=\"text-align:right;--awb-caption-title-font-family:var(--h2_typography-font-family);--awb-caption-title-font-weight:var(--h2_typography-font-weight);--awb-caption-title-font-style:var(--h2_typography-font-style);--awb-caption-title-size:var(--h2_typography-font-size);--awb-caption-title-transform:var(--h2_typography-text-transform);--awb-caption-title-line-height:var(--h2_typography-line-height);--awb-caption-title-letter-spacing:var(--h2_typography-letter-spacing);\"><span class=\" fusion-imageframe imageframe-none imageframe-1 hover-type-none\" style=\"margin-left:25px;float:right;\"><img decoding=\"async\" width=\"400\" height=\"600\" alt=\"Front-end developer, edustan kehitt\u00e4j\u00e4\" title=\"400x600_50\" src=\"\/files\/2017\/02\/400x600_50.jpg\" class=\"img-responsive wp-image-5210\" srcset=\"https:\/\/www.pilvi.com\/files\/2017\/02\/400x600_50-200x300.jpg 200w, https:\/\/www.pilvi.com\/files\/2017\/02\/400x600_50.jpg 400w\" sizes=\"(max-width: 960px) 100vw, 400px\" \/><\/span><\/div><div class=\"fusion-clearfix\"><\/div><\/div><\/div><\/div><\/div><div class=\"fusion-fullwidth fullwidth-box fusion-builder-row-4 nonhundred-percent-fullwidth non-hundred-percent-height-scrolling\" style=\"--awb-border-radius-top-left:0px;--awb-border-radius-top-right:0px;--awb-border-radius-bottom-right:0px;--awb-border-radius-bottom-left:0px;--awb-padding-bottom:80px;--awb-flex-wrap:wrap;\" ><div class=\"fusion-builder-row fusion-row\"><div class=\"fusion-layout-column fusion_builder_column fusion-builder-column-4 fusion_builder_column_3_5 3_5 fusion-three-fifth fusion-column-first\" style=\"--awb-bg-size:cover;width:58.4%; margin-right: 4%;\"><div class=\"fusion-column-wrapper fusion-flex-column-wrapper-legacy\"><div class=\"fusion-text fusion-text-5\"><h3><em>Pilvi\u2122 &#8211; Sales Automation for Cloud Services<\/em><\/h3>\n<p>Pilvi on vahvasti kasvava pilvipalveluiden verkkokauppaan keskittynyt suomalainen ohjelmistoyritys. Yhti\u00f6\u00a0kuuluu vakavaraiseen <a href=\"http:\/\/www.winterbackwoods.com\" target=\"_blank\" rel=\"noopener noreferrer\">Winterbackwoods <\/a>-konserniin, joten ihan tavallinen startup me emme ole. T\u00e4m\u00e4\u00a0tausta takaa meille vakaan pohjan pitk\u00e4j\u00e4nteiseen tuotekehitykseen. Visiomme on saavuttaa johtava asema\u00a0SaaS-maailmassa. Tuotteemme on globaalisti uniikki; sen avulla SaaS-yhti\u00f6t voivat vied\u00e4 myynnin verkkoon\u00a0ja menesty\u00e4 paremman kaupallistamisen keinoin. Tavoitteemme on kansainv\u00e4listyminen ja p\u00e4\u00e4markkina-alueemme tulee olemaan Yhdysvalloissa.<\/p>\n<\/div><div class=\"fusion-clearfix\"><\/div><\/div><\/div><div class=\"fusion-layout-column fusion_builder_column fusion-builder-column-5 fusion_builder_column_2_5 2_5 fusion-two-fifth fusion-column-last fusion-no-small-visibility\" style=\"--awb-bg-size:cover;width:37.6%;\"><div class=\"fusion-column-wrapper fusion-flex-column-wrapper-legacy\"><div class=\"fusion-clearfix\"><\/div><\/div><\/div><\/div><\/div><div class=\"fusion-fullwidth fullwidth-box fusion-builder-row-5 nonhundred-percent-fullwidth non-hundred-percent-height-scrolling fusion-equal-height-columns\" style=\"--awb-border-radius-top-left:0px;--awb-border-radius-top-right:0px;--awb-border-radius-bottom-right:0px;--awb-border-radius-bottom-left:0px;--awb-padding-top:60px;--awb-padding-bottom:40px;--awb-background-color:#30adea;--awb-flex-wrap:wrap;\" ><div class=\"fusion-builder-row fusion-row\"><div class=\"fusion-layout-column fusion_builder_column fusion-builder-column-6 fusion_builder_column_2_5 2_5 fusion-two-fifth fusion-column-first fusion-animated\" style=\"--awb-padding-bottom:20px;--awb-bg-size:cover;width:40%;width:calc(40% - ( ( 4% + 3% + 3% ) * 0.4 ) );margin-right: 4%;\" data-animationType=\"zoomIn\" data-animationDuration=\"0.3\" data-animationOffset=\"top-into-view\"><div class=\"fusion-column-wrapper fusion-flex-column-wrapper-legacy\"><div class=\"fusion-title title fusion-title-5 fusion-sep-none fusion-title-center fusion-title-text fusion-title-size-two\" style=\"--awb-margin-top:0em;--awb-margin-bottom:0em;--awb-margin-top-small:0px;--awb-margin-right-small:0px;--awb-margin-bottom-small:20px;--awb-margin-left-small:0px;\"><h2 class=\"fusion-title-heading title-heading-center fusion-responsive-typography-calculated\" style=\"margin:0;--fontSize:31;line-height:1.3;\"><span style=\"color: #ffffff\">Ota Pilvi\u2122 k\u00e4ytt\u00f6\u00f6nne<\/span><\/h2><\/div><div class=\"fusion-clearfix\"><\/div><\/div><\/div><div class=\"fusion-layout-column fusion_builder_column fusion-builder-column-7 fusion_builder_column_1_5 1_5 fusion-one-fifth fusion-animated\" style=\"--awb-padding-bottom:20px;--awb-bg-size:cover;width:20%;width:calc(20% - ( ( 4% + 3% + 3% ) * 0.2 ) );margin-right: 3%;\" data-animationType=\"zoomInLeft\" data-animationDuration=\"0.5\" data-animationOffset=\"top-into-view\"><div class=\"fusion-column-wrapper fusion-flex-column-wrapper-legacy\"><div class=\"fusion-aligncenter\"><a class=\"fusion-button button-flat fusion-button-default-size button-custom fusion-button-default button-1 fusion-button-default-span fusion-button-default-type\" style=\"--button_accent_color:#ffffff;--button_accent_hover_color:#30adea;--button_border_hover_color:#30adea;--button_gradient_top_color:rgba(48,173,234,0);--button_gradient_bottom_color:rgba(48,173,234,0);--button_gradient_top_color_hover:#ffffff;--button_gradient_bottom_color_hover:#ffffff;\" target=\"_self\" href=\"\/fi\/kokeile-demoa\/\"><span class=\"fusion-button-text awb-button__text awb-button__text--default\">Demo<\/span><\/a><\/div><div class=\"fusion-clearfix\"><\/div><\/div><\/div><div class=\"fusion-layout-column fusion_builder_column fusion-builder-column-8 fusion_builder_column_1_5 1_5 fusion-one-fifth fusion-animated\" style=\"--awb-padding-bottom:20px;--awb-bg-size:cover;width:20%;width:calc(20% - ( ( 4% + 3% + 3% ) * 0.2 ) );margin-right: 3%;\" data-animationType=\"zoomInLeft\" data-animationDuration=\"0.7\" data-animationOffset=\"top-into-view\"><div class=\"fusion-column-wrapper fusion-flex-column-wrapper-legacy\"><div class=\"fusion-aligncenter\"><a class=\"fusion-button button-flat fusion-button-default-size button-custom fusion-button-default button-2 fusion-button-default-span fusion-button-default-type\" style=\"--button_accent_color:#ffffff;--button_accent_hover_color:#30adea;--button_border_hover_color:#30adea;--button_gradient_top_color:rgba(48,173,234,0);--button_gradient_bottom_color:rgba(48,173,234,0);--button_gradient_top_color_hover:#ffffff;--button_gradient_bottom_color_hover:#ffffff;\" target=\"_self\" href=\"\/fi\/ota-kayttoon-ilmaisversio\/\"><span class=\"fusion-button-text awb-button__text awb-button__text--default\">Ilmaisversio<\/span><\/a><\/div><div class=\"fusion-clearfix\"><\/div><\/div><\/div><div class=\"fusion-layout-column fusion_builder_column fusion-builder-column-9 fusion_builder_column_1_5 1_5 fusion-one-fifth fusion-column-last fusion-animated\" style=\"--awb-padding-bottom:20px;--awb-bg-size:cover;width:20%;width:calc(20% - ( ( 4% + 3% + 3% ) * 0.2 ) );\" data-animationType=\"zoomInLeft\" data-animationDuration=\"0.9\" data-animationOffset=\"top-into-view\"><div class=\"fusion-column-wrapper fusion-flex-column-wrapper-legacy\"><div class=\"fusion-aligncenter\"><a class=\"fusion-button button-flat fusion-button-default-size button-custom fusion-button-default button-3 fusion-button-default-span fusion-button-default-type\" style=\"--button_accent_color:#ffffff;--button_accent_hover_color:#30adea;--button_border_hover_color:#30adea;--button_gradient_top_color:rgba(48,173,234,0);--button_gradient_bottom_color:rgba(48,173,234,0);--button_gradient_top_color_hover:#ffffff;--button_gradient_bottom_color_hover:#ffffff;\" target=\"_self\" href=\"\/fi\/osta\/\"><span class=\"fusion-button-text awb-button__text awb-button__text--default\">Osta<\/span><\/a><\/div><div class=\"fusion-clearfix\"><\/div><\/div><\/div><\/div><\/div><\/p>\n","protected":false},"excerpt":{"rendered":"","protected":false},"author":11,"featured_media":0,"parent":205,"menu_order":0,"comment_status":"closed","ping_status":"closed","template":"100-width.php","meta":{"inline_featured_image":false,"footnotes":""},"class_list":["post-4382","page","type-page","status-publish","hentry"],"yoast_head":"<!-- This site is optimized with the Yoast SEO plugin v27.5 - https:\/\/yoast.com\/product\/yoast-seo-wordpress\/ -->\n<title>Vapaat ty\u00f6paikat: Front-end Developer (1-5v kokemus) - Pilvi\u2122<\/title>\n<meta name=\"robots\" content=\"index, follow, max-snippet:-1, max-image-preview:large, max-video-preview:-1\" \/>\n<link rel=\"canonical\" href=\"https:\/\/www.pilvi.com\/fi\/pilvi-cloud-company-oy\/pilvi-tyopaikkana\/vapaat-tyopaikatfront-end-developer-kehittaja\/\" \/>\n<meta property=\"og:locale\" content=\"fi_FI\" \/>\n<meta property=\"og:type\" content=\"article\" \/>\n<meta property=\"og:title\" content=\"Vapaat ty\u00f6paikat: Front-end Developer (1-5v kokemus) - Pilvi\u2122\" \/>\n<meta property=\"og:url\" content=\"https:\/\/www.pilvi.com\/fi\/pilvi-cloud-company-oy\/pilvi-tyopaikkana\/vapaat-tyopaikatfront-end-developer-kehittaja\/\" \/>\n<meta property=\"og:site_name\" content=\"Pilvi\u2122\" \/>\n<meta property=\"article:modified_time\" content=\"2018-12-14T11:35:13+00:00\" \/>\n<meta name=\"twitter:card\" content=\"summary_large_image\" \/>\n<meta name=\"twitter:label1\" content=\"Arvioitu lukuaika\" \/>\n\t<meta name=\"twitter:data1\" content=\"10 minuuttia\" \/>\n<script type=\"application\/ld+json\" class=\"yoast-schema-graph\">{\"@context\":\"https:\\\/\\\/schema.org\",\"@graph\":[{\"@type\":\"WebPage\",\"@id\":\"https:\\\/\\\/www.pilvi.com\\\/fi\\\/pilvi-cloud-company-oy\\\/pilvi-tyopaikkana\\\/vapaat-tyopaikatfront-end-developer-kehittaja\\\/\",\"url\":\"https:\\\/\\\/www.pilvi.com\\\/fi\\\/pilvi-cloud-company-oy\\\/pilvi-tyopaikkana\\\/vapaat-tyopaikatfront-end-developer-kehittaja\\\/\",\"name\":\"Vapaat ty\u00f6paikat: Front-end Developer (1-5v kokemus) - Pilvi\u2122\",\"isPartOf\":{\"@id\":\"https:\\\/\\\/www.pilvi.com\\\/en\\\/#website\"},\"datePublished\":\"2017-11-24T11:45:18+00:00\",\"dateModified\":\"2018-12-14T11:35:13+00:00\",\"breadcrumb\":{\"@id\":\"https:\\\/\\\/www.pilvi.com\\\/fi\\\/pilvi-cloud-company-oy\\\/pilvi-tyopaikkana\\\/vapaat-tyopaikatfront-end-developer-kehittaja\\\/#breadcrumb\"},\"inLanguage\":\"fi\",\"potentialAction\":[{\"@type\":\"ReadAction\",\"target\":[\"https:\\\/\\\/www.pilvi.com\\\/fi\\\/pilvi-cloud-company-oy\\\/pilvi-tyopaikkana\\\/vapaat-tyopaikatfront-end-developer-kehittaja\\\/\"]}]},{\"@type\":\"BreadcrumbList\",\"@id\":\"https:\\\/\\\/www.pilvi.com\\\/fi\\\/pilvi-cloud-company-oy\\\/pilvi-tyopaikkana\\\/vapaat-tyopaikatfront-end-developer-kehittaja\\\/#breadcrumb\",\"itemListElement\":[{\"@type\":\"ListItem\",\"position\":1,\"name\":\"Home\",\"item\":\"https:\\\/\\\/www.pilvi.com\\\/fi\\\/\"},{\"@type\":\"ListItem\",\"position\":2,\"name\":\"Pilvi Cloud Company Oy\",\"item\":\"https:\\\/\\\/www.pilvi.com\\\/fi\\\/pilvi-cloud-company-oy\\\/\"},{\"@type\":\"ListItem\",\"position\":3,\"name\":\"Pilvi ty\u00f6paikkana\",\"item\":\"https:\\\/\\\/www.pilvi.com\\\/fi\\\/pilvi-cloud-company-oy\\\/pilvi-tyopaikkana\\\/\"},{\"@type\":\"ListItem\",\"position\":4,\"name\":\"Vapaat ty\u00f6paikat: Front-end Developer (1-5v kokemus)\"}]},{\"@type\":\"WebSite\",\"@id\":\"https:\\\/\\\/www.pilvi.com\\\/en\\\/#website\",\"url\":\"https:\\\/\\\/www.pilvi.com\\\/en\\\/\",\"name\":\"Pilvi\u2122\",\"description\":\"Sales Automation for SaaS and other Cloud Services\",\"publisher\":{\"@id\":\"https:\\\/\\\/www.pilvi.com\\\/en\\\/#organization\"},\"potentialAction\":[{\"@type\":\"SearchAction\",\"target\":{\"@type\":\"EntryPoint\",\"urlTemplate\":\"https:\\\/\\\/www.pilvi.com\\\/en\\\/?s={search_term_string}\"},\"query-input\":{\"@type\":\"PropertyValueSpecification\",\"valueRequired\":true,\"valueName\":\"search_term_string\"}}],\"inLanguage\":\"fi\"},{\"@type\":\"Organization\",\"@id\":\"https:\\\/\\\/www.pilvi.com\\\/en\\\/#organization\",\"name\":\"Pilvi Cloud Company Oy\",\"url\":\"https:\\\/\\\/www.pilvi.com\\\/en\\\/\",\"logo\":{\"@type\":\"ImageObject\",\"inLanguage\":\"fi\",\"@id\":\"https:\\\/\\\/www.pilvi.com\\\/en\\\/#\\\/schema\\\/logo\\\/image\\\/\",\"url\":\"https:\\\/\\\/www.pilvi.com\\\/files\\\/2017\\\/02\\\/Pilvi_logo_y49_retina.png\",\"contentUrl\":\"https:\\\/\\\/www.pilvi.com\\\/files\\\/2017\\\/02\\\/Pilvi_logo_y49_retina.png\",\"width\":252,\"height\":98,\"caption\":\"Pilvi Cloud Company Oy\"},\"image\":{\"@id\":\"https:\\\/\\\/www.pilvi.com\\\/en\\\/#\\\/schema\\\/logo\\\/image\\\/\"}}]}<\/script>\n<!-- \/ Yoast SEO plugin. -->","yoast_head_json":{"title":"Vapaat ty\u00f6paikat: Front-end Developer (1-5v kokemus) - Pilvi\u2122","robots":{"index":"index","follow":"follow","max-snippet":"max-snippet:-1","max-image-preview":"max-image-preview:large","max-video-preview":"max-video-preview:-1"},"canonical":"https:\/\/www.pilvi.com\/fi\/pilvi-cloud-company-oy\/pilvi-tyopaikkana\/vapaat-tyopaikatfront-end-developer-kehittaja\/","og_locale":"fi_FI","og_type":"article","og_title":"Vapaat ty\u00f6paikat: Front-end Developer (1-5v kokemus) - Pilvi\u2122","og_url":"https:\/\/www.pilvi.com\/fi\/pilvi-cloud-company-oy\/pilvi-tyopaikkana\/vapaat-tyopaikatfront-end-developer-kehittaja\/","og_site_name":"Pilvi\u2122","article_modified_time":"2018-12-14T11:35:13+00:00","twitter_card":"summary_large_image","twitter_misc":{"Arvioitu lukuaika":"10 minuuttia"},"schema":{"@context":"https:\/\/schema.org","@graph":[{"@type":"WebPage","@id":"https:\/\/www.pilvi.com\/fi\/pilvi-cloud-company-oy\/pilvi-tyopaikkana\/vapaat-tyopaikatfront-end-developer-kehittaja\/","url":"https:\/\/www.pilvi.com\/fi\/pilvi-cloud-company-oy\/pilvi-tyopaikkana\/vapaat-tyopaikatfront-end-developer-kehittaja\/","name":"Vapaat ty\u00f6paikat: Front-end Developer (1-5v kokemus) - Pilvi\u2122","isPartOf":{"@id":"https:\/\/www.pilvi.com\/en\/#website"},"datePublished":"2017-11-24T11:45:18+00:00","dateModified":"2018-12-14T11:35:13+00:00","breadcrumb":{"@id":"https:\/\/www.pilvi.com\/fi\/pilvi-cloud-company-oy\/pilvi-tyopaikkana\/vapaat-tyopaikatfront-end-developer-kehittaja\/#breadcrumb"},"inLanguage":"fi","potentialAction":[{"@type":"ReadAction","target":["https:\/\/www.pilvi.com\/fi\/pilvi-cloud-company-oy\/pilvi-tyopaikkana\/vapaat-tyopaikatfront-end-developer-kehittaja\/"]}]},{"@type":"BreadcrumbList","@id":"https:\/\/www.pilvi.com\/fi\/pilvi-cloud-company-oy\/pilvi-tyopaikkana\/vapaat-tyopaikatfront-end-developer-kehittaja\/#breadcrumb","itemListElement":[{"@type":"ListItem","position":1,"name":"Home","item":"https:\/\/www.pilvi.com\/fi\/"},{"@type":"ListItem","position":2,"name":"Pilvi Cloud Company Oy","item":"https:\/\/www.pilvi.com\/fi\/pilvi-cloud-company-oy\/"},{"@type":"ListItem","position":3,"name":"Pilvi ty\u00f6paikkana","item":"https:\/\/www.pilvi.com\/fi\/pilvi-cloud-company-oy\/pilvi-tyopaikkana\/"},{"@type":"ListItem","position":4,"name":"Vapaat ty\u00f6paikat: Front-end Developer (1-5v kokemus)"}]},{"@type":"WebSite","@id":"https:\/\/www.pilvi.com\/en\/#website","url":"https:\/\/www.pilvi.com\/en\/","name":"Pilvi\u2122","description":"Sales Automation for SaaS and other Cloud Services","publisher":{"@id":"https:\/\/www.pilvi.com\/en\/#organization"},"potentialAction":[{"@type":"SearchAction","target":{"@type":"EntryPoint","urlTemplate":"https:\/\/www.pilvi.com\/en\/?s={search_term_string}"},"query-input":{"@type":"PropertyValueSpecification","valueRequired":true,"valueName":"search_term_string"}}],"inLanguage":"fi"},{"@type":"Organization","@id":"https:\/\/www.pilvi.com\/en\/#organization","name":"Pilvi Cloud Company Oy","url":"https:\/\/www.pilvi.com\/en\/","logo":{"@type":"ImageObject","inLanguage":"fi","@id":"https:\/\/www.pilvi.com\/en\/#\/schema\/logo\/image\/","url":"https:\/\/www.pilvi.com\/files\/2017\/02\/Pilvi_logo_y49_retina.png","contentUrl":"https:\/\/www.pilvi.com\/files\/2017\/02\/Pilvi_logo_y49_retina.png","width":252,"height":98,"caption":"Pilvi Cloud Company Oy"},"image":{"@id":"https:\/\/www.pilvi.com\/en\/#\/schema\/logo\/image\/"}}]}},"_links":{"self":[{"href":"https:\/\/www.pilvi.com\/fi\/wp-json\/wp\/v2\/pages\/4382","targetHints":{"allow":["GET"]}}],"collection":[{"href":"https:\/\/www.pilvi.com\/fi\/wp-json\/wp\/v2\/pages"}],"about":[{"href":"https:\/\/www.pilvi.com\/fi\/wp-json\/wp\/v2\/types\/page"}],"author":[{"embeddable":true,"href":"https:\/\/www.pilvi.com\/fi\/wp-json\/wp\/v2\/users\/11"}],"replies":[{"embeddable":true,"href":"https:\/\/www.pilvi.com\/fi\/wp-json\/wp\/v2\/comments?post=4382"}],"version-history":[{"count":3,"href":"https:\/\/www.pilvi.com\/fi\/wp-json\/wp\/v2\/pages\/4382\/revisions"}],"predecessor-version":[{"id":4501,"href":"https:\/\/www.pilvi.com\/fi\/wp-json\/wp\/v2\/pages\/4382\/revisions\/4501"}],"up":[{"embeddable":true,"href":"https:\/\/www.pilvi.com\/fi\/wp-json\/wp\/v2\/pages\/205"}],"wp:attachment":[{"href":"https:\/\/www.pilvi.com\/fi\/wp-json\/wp\/v2\/media?parent=4382"}],"curies":[{"name":"wp","href":"https:\/\/api.w.org\/{rel}","templated":true}]}}