{"id":5562,"date":"2018-12-03T10:55:19","date_gmt":"2018-12-03T07:55:19","guid":{"rendered":"https:\/\/www.pilvi.com\/?page_id=5562"},"modified":"2019-10-09T15:15:08","modified_gmt":"2019-10-09T12:15:08","slug":"pk-yrityksen-saas-palveluiden-markkinapaikka-saashop","status":"publish","type":"page","link":"https:\/\/www.pilvi.com\/fi\/esimerkit\/referenssit\/pk-yrityksen-saas-palveluiden-markkinapaikka-saashop\/","title":{"rendered":"PK-yrityksen SaaS-palveluiden markkinapaikka (SaaShop)"},"content":{"rendered":"<p><div class=\"fusion-bg-parallax\" data-bg-align=\"center top\" data-direction=\"left\" data-mute=\"false\" data-opacity=\"100\" data-velocity=\"-0.3\" data-mobile-enabled=\"false\" data-break_parents=\"0\" data-bg-image=\"\/files\/2017\/02\/main-img_2560x_2_1_50_blurred.jpg\" data-bg-repeat=\"false\" ><\/div><div class=\"fusion-fullwidth fullwidth-box fusion-builder-row-1 fusion-parallax-left nonhundred-percent-fullwidth non-hundred-percent-height-scrolling\" style=\"--awb-background-position:center top;--awb-border-radius-top-left:0px;--awb-border-radius-top-right:0px;--awb-border-radius-bottom-right:0px;--awb-border-radius-bottom-left:0px;--awb-background-image:url(&quot;\/files\/2017\/02\/main-img_2560x_2_1_50_blurred.jpg&quot;);--awb-background-size:cover;--awb-flex-wrap:wrap;\" ><div class=\"fusion-builder-row fusion-row\"><div class=\"fusion-layout-column fusion_builder_column fusion-builder-column-0 fusion_builder_column_1_1 1_1 fusion-one-full fusion-column-first fusion-column-last fusion-animated\" style=\"--awb-padding-top:6%;--awb-padding-bottom:8%;--awb-bg-size:cover;\" data-animationType=\"fadeInLeft\" data-animationDuration=\"0.3\" data-animationOffset=\"top-into-view\"><div class=\"fusion-column-wrapper fusion-flex-column-wrapper-legacy\"><div class=\"fusion-title title fusion-title-1 fusion-sep-none fusion-title-text fusion-title-size-one\" style=\"--awb-margin-top-small:0px;--awb-margin-right-small:0px;--awb-margin-bottom-small:20px;--awb-margin-left-small:0px;\"><h1 class=\"fusion-title-heading title-heading-left fusion-responsive-typography-calculated\" style=\"--fontSize:44;line-height:1.3;\">PK-yrityksen SaaS-palveluiden markkinapaikka (SaaShop)<\/h1><\/div><div class=\"fusion-clearfix\"><\/div><\/div><\/div><div class=\"fusion-layout-column fusion_builder_column fusion-builder-column-1 fusion_builder_column_2_3 2_3 fusion-two-third fusion-column-first fusion-animated\" style=\"--awb-padding-top:5%;--awb-padding-right:8%;--awb-padding-bottom:5%;--awb-padding-left:8%;--awb-bg-color:rgba(48,173,234,0.85);--awb-bg-color-hover:rgba(48,173,234,0.85);--awb-bg-size:cover;width:66.666666666667%;width:calc(66.666666666667% - ( ( 4% ) * 0.66666666666667 ) );margin-right: 4%;\" data-animationType=\"fadeInUp\" data-animationDuration=\"0.4\" data-animationOffset=\"top-into-view\"><div class=\"fusion-column-wrapper fusion-flex-column-wrapper-legacy\"><div class=\"fusion-text fusion-text-1\"><p><span style=\"color: #ffffff\"><br \/>\nSaaShop on SaaS-tuotteiden (Software as a Service) myyntiin ja markkinointiin keskittynyt yhti\u00f6. SaaShop myy valikoituja SaaS-ohjelmistoja liiketoiminnan kehitt\u00e4miseen. SaaShop toimii yll\u00e4pit\u00e4j\u00e4n\u00e4 ja kauppiaana ohjelmistotuotteiden myynti\u00e4 edist\u00e4v\u00e4ss\u00e4\u00a0markkinapaikassa.<br \/>\n<\/span><\/p>\n<\/div><div class=\"fusion-clearfix\"><\/div><\/div><\/div><div class=\"fusion-layout-column fusion_builder_column fusion-builder-column-2 fusion_builder_column_1_3 1_3 fusion-one-third fusion-column-last fusion-no-small-visibility fusion-no-medium-visibility\" style=\"--awb-bg-size:cover;width:33.333333333333%;width:calc(33.333333333333% - ( ( 4% ) * 0.33333333333333 ) );\"><div class=\"fusion-column-wrapper fusion-flex-column-wrapper-legacy\"><div class=\"fusion-clearfix\"><\/div><\/div><\/div><\/div><\/div><div class=\"fusion-fullwidth fullwidth-box fusion-builder-row-2 hundred-percent-fullwidth non-hundred-percent-height-scrolling\" style=\"--awb-border-radius-top-left:0px;--awb-border-radius-top-right:0px;--awb-border-radius-bottom-right:0px;--awb-border-radius-bottom-left:0px;--awb-padding-right:0px;--awb-padding-left:0px;--awb-background-color:#30adea;--awb-flex-wrap:wrap;\" ><div class=\"fusion-builder-row fusion-row\"><div class=\"fusion-layout-column fusion_builder_column fusion-builder-column-3 fusion_builder_column_1_1 1_1 fusion-one-full fusion-column-first fusion-column-last\" style=\"--awb-bg-size:cover;\"><div class=\"fusion-column-wrapper fusion-flex-column-wrapper-legacy\"><div class=\"fusion-sep-clear\"><\/div><div class=\"fusion-separator fusion-full-width-sep\" style=\"margin-left: auto;margin-right: auto;width:100%;\"><div class=\"fusion-separator-border sep-single sep-solid\" style=\"--awb-height:20px;--awb-amount:20px;--awb-sep-color:#30adea;border-color:#30adea;border-top-width:8px;\"><\/div><\/div><div class=\"fusion-sep-clear\"><\/div><div class=\"fusion-clearfix\"><\/div><\/div><\/div><\/div><\/div><div class=\"fusion-fullwidth fullwidth-box fusion-builder-row-3 nonhundred-percent-fullwidth non-hundred-percent-height-scrolling\" style=\"--awb-border-radius-top-left:0px;--awb-border-radius-top-right:0px;--awb-border-radius-bottom-right:0px;--awb-border-radius-bottom-left:0px;--awb-padding-top:60px;--awb-padding-bottom:80px;--awb-flex-wrap:wrap;\" ><div class=\"fusion-builder-row fusion-row\"><div class=\"fusion-layout-column fusion_builder_column fusion-builder-column-4 fusion_builder_column_3_5 3_5 fusion-three-fifth fusion-column-first\" style=\"--awb-bg-size:cover;width:58.4%; margin-right: 4%;\"><div class=\"fusion-column-wrapper fusion-flex-column-wrapper-legacy\"><div class=\"fusion-text fusion-text-2\"><h2><b>Miksi SaaShop valitisi Pilven markkinapaikka-alustatoimittajaksi?<\/b><\/h2>\n<p><a href=\"http:\/\/saashop.fi\/\">SaaShop.fi<\/a> -palvelun asiakkaita ovat SaaS-ohjelmia etsiv\u00e4t ja k\u00e4ytt\u00e4v\u00e4t PK-yritykset. Yhti\u00f6 on kanava SaaS-yhti\u00f6ille n\u00e4iden myynnin kasvattamiseen ja uusien asiakassegmenttien kokeilemiseen. Tarjonta kattaa ohjelmistoja liiketoiminnan eri osa-alueille. Mukana on myynti- ja markkinointiohjelmistoja, sek\u00e4 ty\u00f6kaluja johtamiseen, henkil\u00f6st\u00f6hallintoon ja tiimity\u00f6h\u00f6n. Palvelu l\u00f6ytyy osoitteesta: <a href=\"https:\/\/www.ohjelmistoja.fi\/\">https:\/\/www.ohjelmistoja.fi<\/a><\/p>\n<h2><b>Markkinapaikka-alusta, joka on suunniteltu SaaS-ohjelmistojen myyntiin<\/b><\/h2>\n<p>Pilven alusta tarjosi SaaShop:ille suoraan merkitt\u00e4v\u00e4n m\u00e4\u00e4r\u00e4n niist\u00e4 markkinapaikkatyyppisist\u00e4 ominaisuuksista, joita yhti\u00f6 tulee tarvitsemaan palvelussaan. T\u00e4llaisia ovat mm. erilliset tilaaja- ja myyj\u00e4profiilit, krediittipohjainen kaupank\u00e4yntimalli ja monipuoliset maksuvaihtoehdot. T\u00e4rke\u00e4\u00e4 oli my\u00f6s Pilvi-moottorin t\u00e4ysi API -pohjaisuus, joka tulee n\u00e4yttelem\u00e4\u00e4n suurta roolia tulevaisuuden kehityksess\u00e4.<\/p>\n<p>&#8221;Pilven asiantuntijapalvelut ovat olleet apunamme palvelun rakentamisessa ja kehitt\u00e4misess\u00e4. SaaS-alan asiantuntijana heid\u00e4n apunsa on ollut monipuolista ja hy\u00f6dyllist\u00e4. Meille nimetty kehitt\u00e4j\u00e4 on aina tarvittaessa apuna.&#8221;\u00a0 \u00a0Kertoo Kaj Seeste, SaaShop Oy:n toinen perustajista.<\/p>\n<h2><b><a href=\"http:\/\/saashop.fi\/\">SaaShop.fi<\/a> verkkosivujen suunnittelu ja toteutus<\/b><\/h2>\n<div><\/div>\n<div>Markkinapaikkaohjelmiston lis\u00e4ksi Pilvi teki SaaShopille verkkosivujen toteutuksen. Ty\u00f6 on viel\u00e4 k\u00e4ynniss\u00e4, mutta hyv\u00e4ll\u00e4 mallilla. Jatkokehityskohteina ovat mm. <a href=\"https:\/\/www.ohjelmistoja.fi\/neuvontapalvelu\/\">ohjelmistoapu.fi<\/a> -nimell\u00e4 kulkeva neuvontapalvelu, josta ohjelmistohankintojen kanssa tuskailevat pk-yritykset saavat apua valintoihinsa. Lis\u00e4ksi yhti\u00f6 tulee kehitt\u00e4m\u00e4\u00e4n Pilven ohjelmistosuunnittelijoiden avustuksella laajaa SaaS-tietokantaa, jossa t\u00e4ll\u00e4 hetkell\u00e4 on jo n. 800 globaalia SaaS-tuotta.<\/div>\n<\/div><div class=\"fusion-sep-clear\"><\/div><div class=\"fusion-separator fusion-full-width-sep\" style=\"margin-left: auto;margin-right: auto;margin-top:20px;margin-bottom:10px;width:100%;\"><div class=\"fusion-separator-border sep-single\" style=\"--awb-height:20px;--awb-amount:20px;border-color:#e8e9ea;border-top-width:1px;\"><\/div><\/div><div class=\"fusion-sep-clear\"><\/div><div class=\"fusion-title title fusion-title-2 fusion-sep-none fusion-title-text fusion-title-size-two\" style=\"--awb-margin-top-small:0px;--awb-margin-right-small:0px;--awb-margin-bottom-small:20px;--awb-margin-left-small:0px;\"><h2 class=\"fusion-title-heading title-heading-left fusion-responsive-typography-calculated\" style=\"--fontSize:31;line-height:1.3;\"><h2>Linkit:<\/h2><\/h2><\/div><ul style=\"--awb-size:16px;--awb-line-height:27.2px;--awb-icon-width:27.2px;--awb-icon-height:27.2px;--awb-icon-margin:11.2px;--awb-content-margin:38.4px;--awb-circlecolor:#30adea;--awb-circle-yes-font-size:14.08px;\" class=\"fusion-checklist fusion-checklist-1 fusion-checklist-default type-icons\"><li class=\"fusion-li-item\" style=\"\"><span class=\"icon-wrapper circle-yes\"><i class=\"fusion-li-icon fa-star fas\" aria-hidden=\"true\"><\/i><\/span><div class=\"fusion-li-item-content\">\n<p>Markkinointisivu: <a href=\"https:\/\/www.saashop.fi\/\">https:\/\/www.saashop.fi\/<\/a><\/p>\n<\/div><\/li><\/ul><div class=\"fusion-sep-clear\"><\/div><div class=\"fusion-separator fusion-full-width-sep\" style=\"margin-left: auto;margin-right: auto;margin-top:20px;margin-bottom:20px;width:100%;\"><div class=\"fusion-separator-border sep-single\" style=\"--awb-height:20px;--awb-amount:20px;border-color:#e8e9ea;border-top-width:1px;\"><\/div><\/div><div class=\"fusion-sep-clear\"><\/div><div class=\"fusion-text fusion-text-3\"><h2>Tilaa asiantuntija verkkomyynnin strategian suunnitteluun<\/h2>\n<p><a href=\"https:\/\/onboarding.saas.pilvi.com\/fi-fi\/categories\/professional-services\">https:\/\/onboarding.saas.pilvi.com\/fi-fi\/categories\/professional-services<\/a><\/p>\n<\/div><div class=\"fusion-clearfix\"><\/div><\/div><\/div><div class=\"fusion-layout-column fusion_builder_column fusion-builder-column-5 fusion_builder_column_2_5 2_5 fusion-two-fifth fusion-column-last fusion-no-small-visibility fusion-no-medium-visibility fusion-animated\" style=\"--awb-bg-size:cover;width:37.6%;\" data-animationType=\"fadeIn\" data-animationDuration=\"0.3\" data-animationOffset=\"top-into-view\"><div class=\"fusion-column-wrapper fusion-flex-column-wrapper-legacy\"><div class=\"fusion-image-element fusion-image-align-right in-legacy-container\" style=\"text-align:right;--awb-bottom-shadow-color:rgba(0,0,0,0.4);--awb-caption-title-font-family:var(--h2_typography-font-family);--awb-caption-title-font-weight:var(--h2_typography-font-weight);--awb-caption-title-font-style:var(--h2_typography-font-style);--awb-caption-title-size:var(--h2_typography-font-size);--awb-caption-title-transform:var(--h2_typography-text-transform);--awb-caption-title-line-height:var(--h2_typography-line-height);--awb-caption-title-letter-spacing:var(--h2_typography-letter-spacing);\"><div class=\"awb-image-frame awb-image-frame-1 awb-bottomshadow\"><span class=\" fusion-imageframe imageframe-bottomshadow imageframe-1 hover-type-none\"><img decoding=\"async\" width=\"1375\" height=\"751\" alt=\"SaaShop Marketplace\" title=\"saashop_frontpage\" src=\"https:\/\/www.pilvi.com\/files\/2018\/12\/saashop_frontpage.png\" class=\"img-responsive wp-image-5563\" srcset=\"https:\/\/www.pilvi.com\/files\/2018\/12\/saashop_frontpage-200x109.png 200w, https:\/\/www.pilvi.com\/files\/2018\/12\/saashop_frontpage-400x218.png 400w, https:\/\/www.pilvi.com\/files\/2018\/12\/saashop_frontpage-600x328.png 600w, https:\/\/www.pilvi.com\/files\/2018\/12\/saashop_frontpage-800x437.png 800w, https:\/\/www.pilvi.com\/files\/2018\/12\/saashop_frontpage-1200x655.png 1200w, https:\/\/www.pilvi.com\/files\/2018\/12\/saashop_frontpage.png 1375w\" sizes=\"(max-width: 960px) 100vw, 600px\" \/><\/span><svg xmlns=\"http:\/\/www.w3.org\/2000\/svg\" version=\"1.1\" width=\"100%\" viewBox=\"0 0 600 28\" preserveAspectRatio=\"none\"><g clip-path=\"url(#a)\"><mask id=\"b\" style=\"mask-type:luminance\" maskUnits=\"userSpaceOnUse\" x=\"0\" y=\"0\" width=\"600\" height=\"28\"><path d=\"M0 0h600v28H0V0Z\" fill=\"#fff\"\/><\/mask><g filter=\"url(#c)\" mask=\"url(#b)\"><path d=\"M16.439-18.667h567.123v30.8S438.961-8.4 300-8.4C161.04-8.4 16.438 12.133 16.438 12.133v-30.8Z\" fill=\"#000\"\/><\/g><\/g><defs><clipPath id=\"a\"><path fill=\"#fff\" d=\"M0 0h600v28H0z\"\/><\/clipPath><filter id=\"c\" x=\"5.438\" y=\"-29.667\" width=\"589.123\" height=\"52.8\" filterUnits=\"userSpaceOnUse\" color-interpolation-filters=\"sRGB\"><feFlood flood-opacity=\"0\" result=\"BackgroundImageFix\"\/><feBlend in=\"SourceGraphic\" in2=\"BackgroundImageFix\" result=\"shape\"\/><feGaussianBlur stdDeviation=\"5.5\" result=\"effect1_foregroundBlur_3983_183\"\/><\/filter><\/defs><\/svg><\/div><\/div><div class=\"fusion-clearfix\"><\/div><\/div><\/div><\/div><\/div><div class=\"fusion-fullwidth fullwidth-box fusion-builder-row-4 nonhundred-percent-fullwidth non-hundred-percent-height-scrolling fusion-equal-height-columns\" style=\"--awb-border-radius-top-left:0px;--awb-border-radius-top-right:0px;--awb-border-radius-bottom-right:0px;--awb-border-radius-bottom-left:0px;--awb-padding-top:60px;--awb-padding-bottom:40px;--awb-background-color:#30adea;--awb-flex-wrap:wrap;\" ><div class=\"fusion-builder-row fusion-row\"><div class=\"fusion-layout-column fusion_builder_column fusion-builder-column-6 fusion_builder_column_2_5 2_5 fusion-two-fifth fusion-column-first\" style=\"--awb-padding-bottom:20px;--awb-bg-size:cover;width:40%;width:calc(40% - ( ( 4% + 4% + 4% ) * 0.4 ) );margin-right: 4%;\"><div class=\"fusion-column-wrapper fusion-flex-column-wrapper-legacy\"><div class=\"fusion-title title fusion-title-3 fusion-sep-none fusion-title-center fusion-title-text fusion-title-size-two\" style=\"--awb-margin-top:0em;--awb-margin-bottom:0em;--awb-margin-top-small:0px;--awb-margin-right-small:0px;--awb-margin-bottom-small:20px;--awb-margin-left-small:0px;\"><h2 class=\"fusion-title-heading title-heading-center fusion-responsive-typography-calculated\" style=\"margin:0;--fontSize:31;line-height:1.3;\"><span style=\"color: #ffffff\">Ota Pilvi\u2122 k\u00e4ytt\u00f6\u00f6nne<\/span><\/h2><\/div><div class=\"fusion-clearfix\"><\/div><\/div><\/div><div class=\"fusion-layout-column fusion_builder_column fusion-builder-column-7 fusion_builder_column_1_5 1_5 fusion-one-fifth\" style=\"--awb-padding-bottom:20px;--awb-bg-size:cover;width:20%;width:calc(20% - ( ( 4% + 4% + 4% ) * 0.2 ) );margin-right: 4%;\"><div class=\"fusion-column-wrapper fusion-flex-column-wrapper-legacy\"><div class=\"fusion-aligncenter\"><a class=\"fusion-button button-flat fusion-button-default-size button-custom fusion-button-default button-1 fusion-button-default-span fusion-button-default-type\" style=\"--button_accent_color:#ffffff;--button_accent_hover_color:#30adea;--button_border_hover_color:#30adea;--button_gradient_top_color:rgba(48,173,234,0);--button_gradient_bottom_color:rgba(48,173,234,0);--button_gradient_top_color_hover:#ffffff;--button_gradient_bottom_color_hover:#ffffff;\" target=\"_self\" href=\"http:\/\/www.pilvi.com\/fi\/kokeile-demoa\/\"><span class=\"fusion-button-text awb-button__text awb-button__text--default\">Kokeile demoa<\/span><\/a><\/div><div class=\"fusion-clearfix\"><\/div><\/div><\/div><div class=\"fusion-layout-column fusion_builder_column fusion-builder-column-8 fusion_builder_column_1_5 1_5 fusion-one-fifth\" style=\"--awb-padding-bottom:20px;--awb-bg-size:cover;width:20%;width:calc(20% - ( ( 4% + 4% + 4% ) * 0.2 ) );margin-right: 4%;\"><div class=\"fusion-column-wrapper fusion-flex-column-wrapper-legacy\"><div class=\"fusion-aligncenter\"><a class=\"fusion-button button-flat fusion-button-default-size button-custom fusion-button-default button-2 fusion-button-default-span fusion-button-default-type\" style=\"--button_accent_color:#ffffff;--button_accent_hover_color:#30adea;--button_border_hover_color:#30adea;--button_gradient_top_color:rgba(48,173,234,0);--button_gradient_bottom_color:rgba(48,173,234,0);--button_gradient_top_color_hover:#ffffff;--button_gradient_bottom_color_hover:#ffffff;\" target=\"_self\" href=\"http:\/\/www.pilvi.com\/fi\/ilmainen\/ \"><span class=\"fusion-button-text awb-button__text awb-button__text--default\">Ilmaisversio<\/span><\/a><\/div><div class=\"fusion-clearfix\"><\/div><\/div><\/div><div class=\"fusion-layout-column fusion_builder_column fusion-builder-column-9 fusion_builder_column_1_5 1_5 fusion-one-fifth fusion-column-last\" style=\"--awb-padding-bottom:20px;--awb-bg-size:cover;width:20%;width:calc(20% - ( ( 4% + 4% + 4% ) * 0.2 ) );\"><div class=\"fusion-column-wrapper fusion-flex-column-wrapper-legacy\"><div class=\"fusion-aligncenter\"><a class=\"fusion-button button-flat fusion-button-default-size button-custom fusion-button-default button-3 fusion-button-default-span fusion-button-default-type\" style=\"--button_accent_color:#ffffff;--button_accent_hover_color:#30adea;--button_border_hover_color:#30adea;--button_gradient_top_color:rgba(48,173,234,0);--button_gradient_bottom_color:rgba(48,173,234,0);--button_gradient_top_color_hover:#ffffff;--button_gradient_bottom_color_hover:#ffffff;\" target=\"_self\" href=\"http:\/\/www.pilvi.com\/fi\/osta\/\"><span class=\"fusion-button-text awb-button__text awb-button__text--default\">Osta<\/span><\/a><\/div><div class=\"fusion-clearfix\"><\/div><\/div><\/div><\/div><\/div><\/p>\n","protected":false},"excerpt":{"rendered":"","protected":false},"author":1,"featured_media":0,"parent":3584,"menu_order":0,"comment_status":"closed","ping_status":"closed","template":"100-width.php","meta":{"inline_featured_image":false,"footnotes":""},"class_list":["post-5562","page","type-page","status-publish","hentry"],"yoast_head":"<!-- This site is optimized with the Yoast SEO plugin v27.4 - https:\/\/yoast.com\/product\/yoast-seo-wordpress\/ -->\n<title>PK-yrityksen SaaS-palveluiden markkinapaikka (SaaShop) - Pilvi\u2122<\/title>\n<meta name=\"robots\" content=\"index, follow, max-snippet:-1, max-image-preview:large, max-video-preview:-1\" \/>\n<link rel=\"canonical\" href=\"https:\/\/www.pilvi.com\/fi\/esimerkit\/referenssit\/pk-yrityksen-saas-palveluiden-markkinapaikka-saashop\/\" \/>\n<meta property=\"og:locale\" content=\"fi_FI\" \/>\n<meta property=\"og:type\" content=\"article\" \/>\n<meta property=\"og:title\" content=\"PK-yrityksen SaaS-palveluiden markkinapaikka (SaaShop) - Pilvi\u2122\" \/>\n<meta property=\"og:url\" content=\"https:\/\/www.pilvi.com\/fi\/esimerkit\/referenssit\/pk-yrityksen-saas-palveluiden-markkinapaikka-saashop\/\" \/>\n<meta property=\"og:site_name\" content=\"Pilvi\u2122\" \/>\n<meta property=\"article:modified_time\" content=\"2019-10-09T12:15:08+00:00\" \/>\n<meta name=\"twitter:card\" content=\"summary_large_image\" \/>\n<meta name=\"twitter:label1\" content=\"Arvioitu lukuaika\" \/>\n\t<meta name=\"twitter:data1\" content=\"9 minuuttia\" \/>\n<script type=\"application\/ld+json\" class=\"yoast-schema-graph\">{\"@context\":\"https:\\\/\\\/schema.org\",\"@graph\":[{\"@type\":\"WebPage\",\"@id\":\"https:\\\/\\\/www.pilvi.com\\\/fi\\\/esimerkit\\\/referenssit\\\/pk-yrityksen-saas-palveluiden-markkinapaikka-saashop\\\/\",\"url\":\"https:\\\/\\\/www.pilvi.com\\\/fi\\\/esimerkit\\\/referenssit\\\/pk-yrityksen-saas-palveluiden-markkinapaikka-saashop\\\/\",\"name\":\"PK-yrityksen SaaS-palveluiden markkinapaikka (SaaShop) - Pilvi\u2122\",\"isPartOf\":{\"@id\":\"https:\\\/\\\/www.pilvi.com\\\/en\\\/#website\"},\"datePublished\":\"2018-12-03T07:55:19+00:00\",\"dateModified\":\"2019-10-09T12:15:08+00:00\",\"breadcrumb\":{\"@id\":\"https:\\\/\\\/www.pilvi.com\\\/fi\\\/esimerkit\\\/referenssit\\\/pk-yrityksen-saas-palveluiden-markkinapaikka-saashop\\\/#breadcrumb\"},\"inLanguage\":\"fi\",\"potentialAction\":[{\"@type\":\"ReadAction\",\"target\":[\"https:\\\/\\\/www.pilvi.com\\\/fi\\\/esimerkit\\\/referenssit\\\/pk-yrityksen-saas-palveluiden-markkinapaikka-saashop\\\/\"]}]},{\"@type\":\"BreadcrumbList\",\"@id\":\"https:\\\/\\\/www.pilvi.com\\\/fi\\\/esimerkit\\\/referenssit\\\/pk-yrityksen-saas-palveluiden-markkinapaikka-saashop\\\/#breadcrumb\",\"itemListElement\":[{\"@type\":\"ListItem\",\"position\":1,\"name\":\"Home\",\"item\":\"https:\\\/\\\/www.pilvi.com\\\/fi\\\/\"},{\"@type\":\"ListItem\",\"position\":2,\"name\":\"Esimerkit\",\"item\":\"https:\\\/\\\/www.pilvi.com\\\/fi\\\/esimerkit\\\/\"},{\"@type\":\"ListItem\",\"position\":3,\"name\":\"Referenssit\",\"item\":\"https:\\\/\\\/www.pilvi.com\\\/fi\\\/esimerkit\\\/referenssit\\\/\"},{\"@type\":\"ListItem\",\"position\":4,\"name\":\"PK-yrityksen SaaS-palveluiden markkinapaikka (SaaShop)\"}]},{\"@type\":\"WebSite\",\"@id\":\"https:\\\/\\\/www.pilvi.com\\\/en\\\/#website\",\"url\":\"https:\\\/\\\/www.pilvi.com\\\/en\\\/\",\"name\":\"Pilvi\u2122\",\"description\":\"Sales Automation for SaaS and other Cloud Services\",\"publisher\":{\"@id\":\"https:\\\/\\\/www.pilvi.com\\\/en\\\/#organization\"},\"potentialAction\":[{\"@type\":\"SearchAction\",\"target\":{\"@type\":\"EntryPoint\",\"urlTemplate\":\"https:\\\/\\\/www.pilvi.com\\\/en\\\/?s={search_term_string}\"},\"query-input\":{\"@type\":\"PropertyValueSpecification\",\"valueRequired\":true,\"valueName\":\"search_term_string\"}}],\"inLanguage\":\"fi\"},{\"@type\":\"Organization\",\"@id\":\"https:\\\/\\\/www.pilvi.com\\\/en\\\/#organization\",\"name\":\"Pilvi Cloud Company Oy\",\"url\":\"https:\\\/\\\/www.pilvi.com\\\/en\\\/\",\"logo\":{\"@type\":\"ImageObject\",\"inLanguage\":\"fi\",\"@id\":\"https:\\\/\\\/www.pilvi.com\\\/en\\\/#\\\/schema\\\/logo\\\/image\\\/\",\"url\":\"https:\\\/\\\/www.pilvi.com\\\/files\\\/2017\\\/02\\\/Pilvi_logo_y49_retina.png\",\"contentUrl\":\"https:\\\/\\\/www.pilvi.com\\\/files\\\/2017\\\/02\\\/Pilvi_logo_y49_retina.png\",\"width\":252,\"height\":98,\"caption\":\"Pilvi Cloud Company Oy\"},\"image\":{\"@id\":\"https:\\\/\\\/www.pilvi.com\\\/en\\\/#\\\/schema\\\/logo\\\/image\\\/\"}}]}<\/script>\n<!-- \/ Yoast SEO plugin. -->","yoast_head_json":{"title":"PK-yrityksen SaaS-palveluiden markkinapaikka (SaaShop) - Pilvi\u2122","robots":{"index":"index","follow":"follow","max-snippet":"max-snippet:-1","max-image-preview":"max-image-preview:large","max-video-preview":"max-video-preview:-1"},"canonical":"https:\/\/www.pilvi.com\/fi\/esimerkit\/referenssit\/pk-yrityksen-saas-palveluiden-markkinapaikka-saashop\/","og_locale":"fi_FI","og_type":"article","og_title":"PK-yrityksen SaaS-palveluiden markkinapaikka (SaaShop) - Pilvi\u2122","og_url":"https:\/\/www.pilvi.com\/fi\/esimerkit\/referenssit\/pk-yrityksen-saas-palveluiden-markkinapaikka-saashop\/","og_site_name":"Pilvi\u2122","article_modified_time":"2019-10-09T12:15:08+00:00","twitter_card":"summary_large_image","twitter_misc":{"Arvioitu lukuaika":"9 minuuttia"},"schema":{"@context":"https:\/\/schema.org","@graph":[{"@type":"WebPage","@id":"https:\/\/www.pilvi.com\/fi\/esimerkit\/referenssit\/pk-yrityksen-saas-palveluiden-markkinapaikka-saashop\/","url":"https:\/\/www.pilvi.com\/fi\/esimerkit\/referenssit\/pk-yrityksen-saas-palveluiden-markkinapaikka-saashop\/","name":"PK-yrityksen SaaS-palveluiden markkinapaikka (SaaShop) - Pilvi\u2122","isPartOf":{"@id":"https:\/\/www.pilvi.com\/en\/#website"},"datePublished":"2018-12-03T07:55:19+00:00","dateModified":"2019-10-09T12:15:08+00:00","breadcrumb":{"@id":"https:\/\/www.pilvi.com\/fi\/esimerkit\/referenssit\/pk-yrityksen-saas-palveluiden-markkinapaikka-saashop\/#breadcrumb"},"inLanguage":"fi","potentialAction":[{"@type":"ReadAction","target":["https:\/\/www.pilvi.com\/fi\/esimerkit\/referenssit\/pk-yrityksen-saas-palveluiden-markkinapaikka-saashop\/"]}]},{"@type":"BreadcrumbList","@id":"https:\/\/www.pilvi.com\/fi\/esimerkit\/referenssit\/pk-yrityksen-saas-palveluiden-markkinapaikka-saashop\/#breadcrumb","itemListElement":[{"@type":"ListItem","position":1,"name":"Home","item":"https:\/\/www.pilvi.com\/fi\/"},{"@type":"ListItem","position":2,"name":"Esimerkit","item":"https:\/\/www.pilvi.com\/fi\/esimerkit\/"},{"@type":"ListItem","position":3,"name":"Referenssit","item":"https:\/\/www.pilvi.com\/fi\/esimerkit\/referenssit\/"},{"@type":"ListItem","position":4,"name":"PK-yrityksen SaaS-palveluiden markkinapaikka (SaaShop)"}]},{"@type":"WebSite","@id":"https:\/\/www.pilvi.com\/en\/#website","url":"https:\/\/www.pilvi.com\/en\/","name":"Pilvi\u2122","description":"Sales Automation for SaaS and other Cloud Services","publisher":{"@id":"https:\/\/www.pilvi.com\/en\/#organization"},"potentialAction":[{"@type":"SearchAction","target":{"@type":"EntryPoint","urlTemplate":"https:\/\/www.pilvi.com\/en\/?s={search_term_string}"},"query-input":{"@type":"PropertyValueSpecification","valueRequired":true,"valueName":"search_term_string"}}],"inLanguage":"fi"},{"@type":"Organization","@id":"https:\/\/www.pilvi.com\/en\/#organization","name":"Pilvi Cloud Company Oy","url":"https:\/\/www.pilvi.com\/en\/","logo":{"@type":"ImageObject","inLanguage":"fi","@id":"https:\/\/www.pilvi.com\/en\/#\/schema\/logo\/image\/","url":"https:\/\/www.pilvi.com\/files\/2017\/02\/Pilvi_logo_y49_retina.png","contentUrl":"https:\/\/www.pilvi.com\/files\/2017\/02\/Pilvi_logo_y49_retina.png","width":252,"height":98,"caption":"Pilvi Cloud Company Oy"},"image":{"@id":"https:\/\/www.pilvi.com\/en\/#\/schema\/logo\/image\/"}}]}},"_links":{"self":[{"href":"https:\/\/www.pilvi.com\/fi\/wp-json\/wp\/v2\/pages\/5562","targetHints":{"allow":["GET"]}}],"collection":[{"href":"https:\/\/www.pilvi.com\/fi\/wp-json\/wp\/v2\/pages"}],"about":[{"href":"https:\/\/www.pilvi.com\/fi\/wp-json\/wp\/v2\/types\/page"}],"author":[{"embeddable":true,"href":"https:\/\/www.pilvi.com\/fi\/wp-json\/wp\/v2\/users\/1"}],"replies":[{"embeddable":true,"href":"https:\/\/www.pilvi.com\/fi\/wp-json\/wp\/v2\/comments?post=5562"}],"version-history":[{"count":7,"href":"https:\/\/www.pilvi.com\/fi\/wp-json\/wp\/v2\/pages\/5562\/revisions"}],"predecessor-version":[{"id":6363,"href":"https:\/\/www.pilvi.com\/fi\/wp-json\/wp\/v2\/pages\/5562\/revisions\/6363"}],"up":[{"embeddable":true,"href":"https:\/\/www.pilvi.com\/fi\/wp-json\/wp\/v2\/pages\/3584"}],"wp:attachment":[{"href":"https:\/\/www.pilvi.com\/fi\/wp-json\/wp\/v2\/media?parent=5562"}],"curies":[{"name":"wp","href":"https:\/\/api.w.org\/{rel}","templated":true}]}}