{"id":6255,"date":"2019-10-04T15:31:01","date_gmt":"2019-10-04T12:31:01","guid":{"rendered":"https:\/\/www.pilvi.com\/?page_id=6255"},"modified":"2019-10-10T09:26:37","modified_gmt":"2019-10-10T06:26:37","slug":"asiakas-ja-viestipalvelun-tukiprosessit-ja-automatiikka","status":"publish","type":"page","link":"https:\/\/www.pilvi.com\/fi\/asiakas-ja-viestipalvelun-tukiprosessit-ja-automatiikka\/","title":{"rendered":"Asiakas- ja viestipalvelun tukiprosessit ja automatiikka"},"content":{"rendered":"<p><div class=\"fusion-fullwidth fullwidth-box fusion-builder-row-1 fusion-parallax-fixed nonhundred-percent-fullwidth non-hundred-percent-height-scrolling\" style=\"--awb-background-position:right center;--awb-background-blend-mode:overlay;--awb-border-radius-top-left:0px;--awb-border-radius-top-right:0px;--awb-border-radius-bottom-right:0px;--awb-border-radius-bottom-left:0px;--awb-background-color:rgba(255,255,255,0.92);--awb-background-image:url(&quot;\/files\/2017\/05\/mainNEW_2560x_50.jpg&quot;);--awb-background-size:cover;--awb-flex-wrap:wrap;background-attachment:fixed;\" ><div class=\"fusion-builder-row fusion-row\"><div class=\"fusion-layout-column fusion_builder_column fusion-builder-column-0 fusion_builder_column_2_3 2_3 fusion-two-third fusion-column-first\" style=\"--awb-padding-top:6%;--awb-padding-bottom:6%;--awb-bg-size:cover;width:66.666666666667%;width:calc(66.666666666667% - ( ( 4% ) * 0.66666666666667 ) );margin-right: 4%;\"><div class=\"fusion-column-wrapper fusion-column-has-shadow fusion-flex-column-wrapper-legacy\"><div class=\"fusion-column-content-centered\"><div class=\"fusion-column-content\"><div class=\"fusion-title title fusion-title-1 fusion-sep-none fusion-title-text fusion-title-size-one\" style=\"--awb-margin-top:0em;--awb-margin-bottom:1.5em;--awb-margin-top-small:0px;--awb-margin-right-small:0px;--awb-margin-bottom-small:20px;--awb-margin-left-small:0px;\"><h1 class=\"fusion-title-heading title-heading-left fusion-responsive-typography-calculated\" style=\"margin:0;--fontSize:44;line-height:1.3;\">Asiakas- ja viestipalvelun tukiprosessit ja automatiikka<\/h1><\/div><div class=\"fusion-text fusion-text-1\"><p class=\"ingress-dark\">Nopea ja toimiva asiakaspalvelu on digitaalisen asiakaskohtaamisen kulmakivi. Asiakaspalvelun prosessit ja viestij\u00e4rjestelm\u00e4t j\u00e4\u00e4v\u00e4tkin usein liian v\u00e4h\u00e4lle huomiolle verkkomyynnin kehitt\u00e4misess\u00e4. Yritys kokee, ett\u00e4 asiakasm\u00e4\u00e4r\u00e4t ja yhteydenotot ovat hallittavissa, joten s\u00e4hk\u00f6postilla menn\u00e4\u00e4n. Jaettujen s\u00e4hk\u00f6postilaatikoiden ja kansiostruktuurin tehokas k\u00e4ytt\u00f6 on kuitenkin hankalaa.<\/p>\n<\/div><\/div><\/div><div class=\"fusion-clearfix\"><\/div><\/div><\/div><\/div><\/div><div class=\"fusion-fullwidth fullwidth-box fusion-builder-row-2 hundred-percent-fullwidth non-hundred-percent-height-scrolling\" style=\"--awb-border-radius-top-left:0px;--awb-border-radius-top-right:0px;--awb-border-radius-bottom-right:0px;--awb-border-radius-bottom-left:0px;--awb-padding-right:0px;--awb-padding-left:0px;--awb-background-color:#30adea;--awb-flex-wrap:wrap;\" ><div class=\"fusion-builder-row fusion-row\"><div class=\"fusion-layout-column fusion_builder_column fusion-builder-column-1 fusion_builder_column_1_1 1_1 fusion-one-full fusion-column-first fusion-column-last\" style=\"--awb-bg-size:cover;\"><div class=\"fusion-column-wrapper fusion-flex-column-wrapper-legacy\"><div class=\"fusion-sep-clear\"><\/div><div class=\"fusion-separator fusion-full-width-sep\" style=\"margin-left: auto;margin-right: auto;width:100%;\"><div class=\"fusion-separator-border sep-single sep-solid\" style=\"--awb-height:20px;--awb-amount:20px;--awb-sep-color:#30adea;border-color:#30adea;border-top-width:5px;\"><\/div><\/div><div class=\"fusion-sep-clear\"><\/div><div class=\"fusion-clearfix\"><\/div><\/div><\/div><\/div><\/div><div class=\"fusion-fullwidth fullwidth-box fusion-builder-row-3 nonhundred-percent-fullwidth non-hundred-percent-height-scrolling\" style=\"--awb-border-radius-top-left:0px;--awb-border-radius-top-right:0px;--awb-border-radius-bottom-right:0px;--awb-border-radius-bottom-left:0px;--awb-padding-top:60px;--awb-padding-bottom:80px;--awb-flex-wrap:wrap;\" ><div class=\"fusion-builder-row fusion-row\"><div class=\"fusion-layout-column fusion_builder_column fusion-builder-column-2 fusion_builder_column_1_2 1_2 fusion-one-half fusion-column-first\" style=\"--awb-bg-size:cover;width:48%; margin-right: 4%;\"><div class=\"fusion-column-wrapper fusion-flex-column-wrapper-legacy\"><div class=\"fusion-text fusion-text-2\"><p><span class=\"fusion-dropcap dropcap\">T <\/span>oimivilla prosesseilla ja tikettij\u00e4rjestelm\u00e4ll\u00e4 seuraat, priorisoit ja ratkaiset tukipyynn\u00f6t keskitetysti ja asiakkaasi saavat parempaa palvelua nopeammin. Tikettiratkaisu on keskeinen, jotta asiakaspalvelun laatua voi mittaroida ja yhteydenottoja ja syit\u00e4 luokitella tehokkaasti. T\u00e4m\u00e4 luo pohjan aspan ty\u00f6n kytkemiseksi yrityksen liiketoimintaprosesseihin ja tavoitteisiin, kuten myynnin kasvuun ja asiakas- ja ty\u00f6ntekij\u00e4tyytyv\u00e4isyyteen. <\/p>\n<p>T\u00e4m\u00e4 on Pilvell\u00e4 on yli 20 vuoden kokemus verkkokaupasta, pilvipalveluista ja SaaS-liiketoiminnasta ja Pilvi pyrkii tarjoamaan ensiluokkaista asiakaspalvelua ja kehittym\u00e4\u00e4n jatkuvasti. Autamme sinua sopivan tikettiratkaisun valinnassa, palvelun k\u00e4ytt\u00f6\u00f6notossa ja automaation ja integraatioiden j\u00e4rjest\u00e4misess\u00e4.<\/p>\n<\/div><div class=\"fusion-clearfix\"><\/div><\/div><\/div><div class=\"fusion-layout-column fusion_builder_column fusion-builder-column-3 fusion_builder_column_1_2 1_2 fusion-one-half fusion-column-last fusion-animated\" style=\"--awb-overflow:hidden;--awb-bg-size:cover;--awb-border-radius:20px 20px 0px 0px;--awb-margin-bottom:25px;width:48%;\" data-animationType=\"fadeIn\" data-animationDuration=\"0.3\" data-animationOffset=\"top-into-view\"><div class=\"fusion-column-wrapper fusion-column-has-shadow fusion-flex-column-wrapper-legacy\"><div class=\"fusion-image-element fusion-image-align-center in-legacy-container\" style=\"text-align:center;--awb-caption-title-font-family:var(--h2_typography-font-family);--awb-caption-title-font-weight:var(--h2_typography-font-weight);--awb-caption-title-font-style:var(--h2_typography-font-style);--awb-caption-title-size:var(--h2_typography-font-size);--awb-caption-title-transform:var(--h2_typography-text-transform);--awb-caption-title-line-height:var(--h2_typography-line-height);--awb-caption-title-letter-spacing:var(--h2_typography-letter-spacing);\"><div class=\"imageframe-align-center\"><span class=\" fusion-imageframe imageframe-none imageframe-1 hover-type-zoomin\"><img decoding=\"async\" width=\"1024\" height=\"683\" alt=\"SaaS-yritys j\u00e4lleenmyynti\" title=\"Customer and messaging support processes\" src=\"https:\/\/www.pilvi.com\/files\/2019\/10\/Customer-and-messaging-support-processes-1024x683.jpg\" class=\"img-responsive wp-image-6354\" srcset=\"https:\/\/www.pilvi.com\/files\/2019\/10\/Customer-and-messaging-support-processes-200x133.jpg 200w, https:\/\/www.pilvi.com\/files\/2019\/10\/Customer-and-messaging-support-processes-400x267.jpg 400w, https:\/\/www.pilvi.com\/files\/2019\/10\/Customer-and-messaging-support-processes-600x400.jpg 600w, https:\/\/www.pilvi.com\/files\/2019\/10\/Customer-and-messaging-support-processes-800x533.jpg 800w, https:\/\/www.pilvi.com\/files\/2019\/10\/Customer-and-messaging-support-processes-1200x800.jpg 1200w, https:\/\/www.pilvi.com\/files\/2019\/10\/Customer-and-messaging-support-processes.jpg 1920w\" sizes=\"(max-width: 960px) 100vw, 800px\" \/><\/span><\/div><\/div><div class=\"fusion-clearfix\"><\/div><\/div><\/div><\/div><\/div><div class=\"fusion-fullwidth fullwidth-box fusion-builder-row-4 nonhundred-percent-fullwidth non-hundred-percent-height-scrolling fusion-equal-height-columns\" style=\"--awb-border-radius-top-left:0px;--awb-border-radius-top-right:0px;--awb-border-radius-bottom-right:0px;--awb-border-radius-bottom-left:0px;--awb-padding-top:60px;--awb-padding-bottom:40px;--awb-background-color:#30adea;--awb-flex-wrap:wrap;\" ><div class=\"fusion-builder-row fusion-row\"><div class=\"fusion-layout-column fusion_builder_column fusion-builder-column-4 fusion_builder_column_2_5 2_5 fusion-two-fifth fusion-column-first fusion-animated\" style=\"--awb-padding-bottom:20px;--awb-bg-size:cover;width:40%;width:calc(40% - ( ( 4% + 3% + 3% ) * 0.4 ) );margin-right: 4%;\" data-animationType=\"zoomIn\" data-animationDuration=\"0.3\" data-animationOffset=\"top-into-view\"><div class=\"fusion-column-wrapper fusion-flex-column-wrapper-legacy\"><div class=\"fusion-title title fusion-title-2 fusion-sep-none fusion-title-center fusion-title-text fusion-title-size-two\" style=\"--awb-margin-top:0em;--awb-margin-bottom:0em;--awb-margin-top-small:0px;--awb-margin-right-small:0px;--awb-margin-bottom-small:20px;--awb-margin-left-small:0px;\"><h2 class=\"fusion-title-heading title-heading-center fusion-responsive-typography-calculated\" style=\"margin:0;--fontSize:31;line-height:1.3;\"><span style=\"color: #ffffff\">Ota Pilvi\u2122 k\u00e4ytt\u00f6\u00f6nne<\/span><\/h2><\/div><div class=\"fusion-clearfix\"><\/div><\/div><\/div><div class=\"fusion-layout-column fusion_builder_column fusion-builder-column-5 fusion_builder_column_1_5 1_5 fusion-one-fifth fusion-animated\" style=\"--awb-padding-bottom:20px;--awb-bg-size:cover;width:20%;width:calc(20% - ( ( 4% + 3% + 3% ) * 0.2 ) );margin-right: 3%;\" data-animationType=\"zoomInLeft\" data-animationDuration=\"0.5\" data-animationOffset=\"top-into-view\"><div class=\"fusion-column-wrapper fusion-flex-column-wrapper-legacy\"><div class=\"fusion-aligncenter\"><a class=\"fusion-button button-flat fusion-button-default-size button-custom fusion-button-default button-1 fusion-button-default-span fusion-button-default-type\" style=\"--button_accent_color:#ffffff;--button_accent_hover_color:#30adea;--button_border_hover_color:#30adea;--button_gradient_top_color:rgba(48,173,234,0);--button_gradient_bottom_color:rgba(48,173,234,0);--button_gradient_top_color_hover:#ffffff;--button_gradient_bottom_color_hover:#ffffff;\" target=\"_self\" href=\"\/fi\/kokeile-demoa\/\"><span class=\"fusion-button-text awb-button__text awb-button__text--default\">Demo<\/span><\/a><\/div><div class=\"fusion-clearfix\"><\/div><\/div><\/div><div class=\"fusion-layout-column fusion_builder_column fusion-builder-column-6 fusion_builder_column_1_5 1_5 fusion-one-fifth fusion-animated\" style=\"--awb-padding-bottom:20px;--awb-bg-size:cover;width:20%;width:calc(20% - ( ( 4% + 3% + 3% ) * 0.2 ) );margin-right: 3%;\" data-animationType=\"zoomInLeft\" data-animationDuration=\"0.7\" data-animationOffset=\"top-into-view\"><div class=\"fusion-column-wrapper fusion-flex-column-wrapper-legacy\"><div class=\"fusion-aligncenter\"><a class=\"fusion-button button-flat fusion-button-default-size button-custom fusion-button-default button-2 fusion-button-default-span fusion-button-default-type\" style=\"--button_accent_color:#ffffff;--button_accent_hover_color:#30adea;--button_border_hover_color:#30adea;--button_gradient_top_color:rgba(48,173,234,0);--button_gradient_bottom_color:rgba(48,173,234,0);--button_gradient_top_color_hover:#ffffff;--button_gradient_bottom_color_hover:#ffffff;\" target=\"_self\" href=\"\/fi\/ota-kayttoon-ilmaisversio\/\"><span class=\"fusion-button-text awb-button__text awb-button__text--default\">Ilmaisversio<\/span><\/a><\/div><div class=\"fusion-clearfix\"><\/div><\/div><\/div><div class=\"fusion-layout-column fusion_builder_column fusion-builder-column-7 fusion_builder_column_1_5 1_5 fusion-one-fifth fusion-column-last fusion-animated\" style=\"--awb-padding-bottom:20px;--awb-bg-size:cover;width:20%;width:calc(20% - ( ( 4% + 3% + 3% ) * 0.2 ) );\" data-animationType=\"zoomInLeft\" data-animationDuration=\"0.9\" data-animationOffset=\"top-into-view\"><div class=\"fusion-column-wrapper fusion-flex-column-wrapper-legacy\"><div class=\"fusion-aligncenter\"><a class=\"fusion-button button-flat fusion-button-default-size button-custom fusion-button-default button-3 fusion-button-default-span fusion-button-default-type\" style=\"--button_accent_color:#ffffff;--button_accent_hover_color:#30adea;--button_border_hover_color:#30adea;--button_gradient_top_color:rgba(48,173,234,0);--button_gradient_bottom_color:rgba(48,173,234,0);--button_gradient_top_color_hover:#ffffff;--button_gradient_bottom_color_hover:#ffffff;\" target=\"_self\" href=\"\/fi\/osta\/\"><span class=\"fusion-button-text awb-button__text awb-button__text--default\">Osta<\/span><\/a><\/div><div class=\"fusion-clearfix\"><\/div><\/div><\/div><\/div><\/div><\/p>\n","protected":false},"excerpt":{"rendered":"","protected":false},"author":15,"featured_media":0,"parent":0,"menu_order":0,"comment_status":"closed","ping_status":"closed","template":"100-width.php","meta":{"inline_featured_image":false,"footnotes":""},"class_list":["post-6255","page","type-page","status-publish","hentry"],"yoast_head":"<!-- This site is optimized with the Yoast SEO plugin v27.4 - https:\/\/yoast.com\/product\/yoast-seo-wordpress\/ -->\n<title>Asiakas- ja viestipalvelun tukiprosessit ja automatiikka - Pilvi\u2122<\/title>\n<meta name=\"robots\" content=\"index, follow, max-snippet:-1, max-image-preview:large, max-video-preview:-1\" \/>\n<link rel=\"canonical\" href=\"https:\/\/www.pilvi.com\/fi\/asiakas-ja-viestipalvelun-tukiprosessit-ja-automatiikka\/\" \/>\n<meta property=\"og:locale\" content=\"fi_FI\" \/>\n<meta property=\"og:type\" content=\"article\" \/>\n<meta property=\"og:title\" content=\"Asiakas- ja viestipalvelun tukiprosessit ja automatiikka - Pilvi\u2122\" \/>\n<meta property=\"og:url\" content=\"https:\/\/www.pilvi.com\/fi\/asiakas-ja-viestipalvelun-tukiprosessit-ja-automatiikka\/\" \/>\n<meta property=\"og:site_name\" content=\"Pilvi\u2122\" \/>\n<meta property=\"article:modified_time\" content=\"2019-10-10T06:26:37+00:00\" \/>\n<meta name=\"twitter:card\" content=\"summary_large_image\" \/>\n<meta name=\"twitter:label1\" content=\"Arvioitu lukuaika\" \/>\n\t<meta name=\"twitter:data1\" content=\"8 minuuttia\" \/>\n<script type=\"application\/ld+json\" class=\"yoast-schema-graph\">{\"@context\":\"https:\\\/\\\/schema.org\",\"@graph\":[{\"@type\":\"WebPage\",\"@id\":\"https:\\\/\\\/www.pilvi.com\\\/fi\\\/asiakas-ja-viestipalvelun-tukiprosessit-ja-automatiikka\\\/\",\"url\":\"https:\\\/\\\/www.pilvi.com\\\/fi\\\/asiakas-ja-viestipalvelun-tukiprosessit-ja-automatiikka\\\/\",\"name\":\"Asiakas- ja viestipalvelun tukiprosessit ja automatiikka - Pilvi\u2122\",\"isPartOf\":{\"@id\":\"https:\\\/\\\/www.pilvi.com\\\/en\\\/#website\"},\"datePublished\":\"2019-10-04T12:31:01+00:00\",\"dateModified\":\"2019-10-10T06:26:37+00:00\",\"breadcrumb\":{\"@id\":\"https:\\\/\\\/www.pilvi.com\\\/fi\\\/asiakas-ja-viestipalvelun-tukiprosessit-ja-automatiikka\\\/#breadcrumb\"},\"inLanguage\":\"fi\",\"potentialAction\":[{\"@type\":\"ReadAction\",\"target\":[\"https:\\\/\\\/www.pilvi.com\\\/fi\\\/asiakas-ja-viestipalvelun-tukiprosessit-ja-automatiikka\\\/\"]}]},{\"@type\":\"BreadcrumbList\",\"@id\":\"https:\\\/\\\/www.pilvi.com\\\/fi\\\/asiakas-ja-viestipalvelun-tukiprosessit-ja-automatiikka\\\/#breadcrumb\",\"itemListElement\":[{\"@type\":\"ListItem\",\"position\":1,\"name\":\"Home\",\"item\":\"https:\\\/\\\/www.pilvi.com\\\/fi\\\/\"},{\"@type\":\"ListItem\",\"position\":2,\"name\":\"Asiakas- ja viestipalvelun tukiprosessit ja automatiikka\"}]},{\"@type\":\"WebSite\",\"@id\":\"https:\\\/\\\/www.pilvi.com\\\/en\\\/#website\",\"url\":\"https:\\\/\\\/www.pilvi.com\\\/en\\\/\",\"name\":\"Pilvi\u2122\",\"description\":\"Sales Automation for SaaS and other Cloud Services\",\"publisher\":{\"@id\":\"https:\\\/\\\/www.pilvi.com\\\/en\\\/#organization\"},\"potentialAction\":[{\"@type\":\"SearchAction\",\"target\":{\"@type\":\"EntryPoint\",\"urlTemplate\":\"https:\\\/\\\/www.pilvi.com\\\/en\\\/?s={search_term_string}\"},\"query-input\":{\"@type\":\"PropertyValueSpecification\",\"valueRequired\":true,\"valueName\":\"search_term_string\"}}],\"inLanguage\":\"fi\"},{\"@type\":\"Organization\",\"@id\":\"https:\\\/\\\/www.pilvi.com\\\/en\\\/#organization\",\"name\":\"Pilvi Cloud Company Oy\",\"url\":\"https:\\\/\\\/www.pilvi.com\\\/en\\\/\",\"logo\":{\"@type\":\"ImageObject\",\"inLanguage\":\"fi\",\"@id\":\"https:\\\/\\\/www.pilvi.com\\\/en\\\/#\\\/schema\\\/logo\\\/image\\\/\",\"url\":\"https:\\\/\\\/www.pilvi.com\\\/files\\\/2017\\\/02\\\/Pilvi_logo_y49_retina.png\",\"contentUrl\":\"https:\\\/\\\/www.pilvi.com\\\/files\\\/2017\\\/02\\\/Pilvi_logo_y49_retina.png\",\"width\":252,\"height\":98,\"caption\":\"Pilvi Cloud Company Oy\"},\"image\":{\"@id\":\"https:\\\/\\\/www.pilvi.com\\\/en\\\/#\\\/schema\\\/logo\\\/image\\\/\"}}]}<\/script>\n<!-- \/ Yoast SEO plugin. -->","yoast_head_json":{"title":"Asiakas- ja viestipalvelun tukiprosessit ja automatiikka - Pilvi\u2122","robots":{"index":"index","follow":"follow","max-snippet":"max-snippet:-1","max-image-preview":"max-image-preview:large","max-video-preview":"max-video-preview:-1"},"canonical":"https:\/\/www.pilvi.com\/fi\/asiakas-ja-viestipalvelun-tukiprosessit-ja-automatiikka\/","og_locale":"fi_FI","og_type":"article","og_title":"Asiakas- ja viestipalvelun tukiprosessit ja automatiikka - Pilvi\u2122","og_url":"https:\/\/www.pilvi.com\/fi\/asiakas-ja-viestipalvelun-tukiprosessit-ja-automatiikka\/","og_site_name":"Pilvi\u2122","article_modified_time":"2019-10-10T06:26:37+00:00","twitter_card":"summary_large_image","twitter_misc":{"Arvioitu lukuaika":"8 minuuttia"},"schema":{"@context":"https:\/\/schema.org","@graph":[{"@type":"WebPage","@id":"https:\/\/www.pilvi.com\/fi\/asiakas-ja-viestipalvelun-tukiprosessit-ja-automatiikka\/","url":"https:\/\/www.pilvi.com\/fi\/asiakas-ja-viestipalvelun-tukiprosessit-ja-automatiikka\/","name":"Asiakas- ja viestipalvelun tukiprosessit ja automatiikka - Pilvi\u2122","isPartOf":{"@id":"https:\/\/www.pilvi.com\/en\/#website"},"datePublished":"2019-10-04T12:31:01+00:00","dateModified":"2019-10-10T06:26:37+00:00","breadcrumb":{"@id":"https:\/\/www.pilvi.com\/fi\/asiakas-ja-viestipalvelun-tukiprosessit-ja-automatiikka\/#breadcrumb"},"inLanguage":"fi","potentialAction":[{"@type":"ReadAction","target":["https:\/\/www.pilvi.com\/fi\/asiakas-ja-viestipalvelun-tukiprosessit-ja-automatiikka\/"]}]},{"@type":"BreadcrumbList","@id":"https:\/\/www.pilvi.com\/fi\/asiakas-ja-viestipalvelun-tukiprosessit-ja-automatiikka\/#breadcrumb","itemListElement":[{"@type":"ListItem","position":1,"name":"Home","item":"https:\/\/www.pilvi.com\/fi\/"},{"@type":"ListItem","position":2,"name":"Asiakas- ja viestipalvelun tukiprosessit ja automatiikka"}]},{"@type":"WebSite","@id":"https:\/\/www.pilvi.com\/en\/#website","url":"https:\/\/www.pilvi.com\/en\/","name":"Pilvi\u2122","description":"Sales Automation for SaaS and other Cloud Services","publisher":{"@id":"https:\/\/www.pilvi.com\/en\/#organization"},"potentialAction":[{"@type":"SearchAction","target":{"@type":"EntryPoint","urlTemplate":"https:\/\/www.pilvi.com\/en\/?s={search_term_string}"},"query-input":{"@type":"PropertyValueSpecification","valueRequired":true,"valueName":"search_term_string"}}],"inLanguage":"fi"},{"@type":"Organization","@id":"https:\/\/www.pilvi.com\/en\/#organization","name":"Pilvi Cloud Company Oy","url":"https:\/\/www.pilvi.com\/en\/","logo":{"@type":"ImageObject","inLanguage":"fi","@id":"https:\/\/www.pilvi.com\/en\/#\/schema\/logo\/image\/","url":"https:\/\/www.pilvi.com\/files\/2017\/02\/Pilvi_logo_y49_retina.png","contentUrl":"https:\/\/www.pilvi.com\/files\/2017\/02\/Pilvi_logo_y49_retina.png","width":252,"height":98,"caption":"Pilvi Cloud Company Oy"},"image":{"@id":"https:\/\/www.pilvi.com\/en\/#\/schema\/logo\/image\/"}}]}},"_links":{"self":[{"href":"https:\/\/www.pilvi.com\/fi\/wp-json\/wp\/v2\/pages\/6255","targetHints":{"allow":["GET"]}}],"collection":[{"href":"https:\/\/www.pilvi.com\/fi\/wp-json\/wp\/v2\/pages"}],"about":[{"href":"https:\/\/www.pilvi.com\/fi\/wp-json\/wp\/v2\/types\/page"}],"author":[{"embeddable":true,"href":"https:\/\/www.pilvi.com\/fi\/wp-json\/wp\/v2\/users\/15"}],"replies":[{"embeddable":true,"href":"https:\/\/www.pilvi.com\/fi\/wp-json\/wp\/v2\/comments?post=6255"}],"version-history":[{"count":6,"href":"https:\/\/www.pilvi.com\/fi\/wp-json\/wp\/v2\/pages\/6255\/revisions"}],"predecessor-version":[{"id":6380,"href":"https:\/\/www.pilvi.com\/fi\/wp-json\/wp\/v2\/pages\/6255\/revisions\/6380"}],"wp:attachment":[{"href":"https:\/\/www.pilvi.com\/fi\/wp-json\/wp\/v2\/media?parent=6255"}],"curies":[{"name":"wp","href":"https:\/\/api.w.org\/{rel}","templated":true}]}}