{"id":83,"date":"2017-02-15T11:24:58","date_gmt":"2017-02-15T11:24:58","guid":{"rendered":"http:\/\/www.pilvi.cloud\/pilvicom\/?page_id=83"},"modified":"2024-10-28T10:29:17","modified_gmt":"2024-10-28T07:29:17","slug":"lyhyesti","status":"publish","type":"page","link":"https:\/\/www.pilvi.com\/fi\/lyhyesti\/","title":{"rendered":"Aloita digitaalinen myynti Pilvell\u00e4"},"content":{"rendered":"<p><div class=\"fusion-fullwidth fullwidth-box fusion-builder-row-1 faded-background fusion-parallax-fixed hundred-percent-fullwidth non-hundred-percent-height-scrolling fusion-equal-height-columns\" style=\"--awb-border-radius-top-left:0px;--awb-border-radius-top-right:0px;--awb-border-radius-bottom-right:0px;--awb-border-radius-bottom-left:0px;--awb-padding-right:0px;--awb-padding-left:0px;--awb-background-size:cover;--awb-flex-wrap:wrap;background-attachment:fixed;\" ><div class=\"fullwidth-faded\" style=\"--awb-background-parallax:fixed;--awb-background-image:url(\/files\/2017\/02\/2onTablet_3_2-crop_2560x_50.jpg);--awb-background-size:cover;\" ><\/div><div class=\"fusion-builder-row fusion-row\"><div class=\"fusion-layout-column fusion_builder_column fusion-builder-column-0 fusion_builder_column_1_1 1_1 fusion-one-full fusion-column-first fusion-column-last fusion-column-no-min-height\" style=\"--awb-bg-size:cover;\"><div class=\"fusion-column-wrapper fusion-flex-column-wrapper-legacy\"><div class=\"fusion-sep-clear\"><\/div><div class=\"fusion-separator fusion-full-width-sep\" style=\"margin-left: auto;margin-right: auto;width:100%;\"><div class=\"fusion-separator-border sep-single sep-solid\" style=\"--awb-height:20px;--awb-amount:20px;--awb-sep-color:rgba(255,255,255,0);border-color:rgba(255,255,255,0);border-top-width:50px;\"><\/div><\/div><div class=\"fusion-sep-clear\"><\/div><div class=\"fusion-sep-clear\"><\/div><div class=\"fusion-separator fusion-full-width-sep\" style=\"margin-left: auto;margin-right: auto;width:100%;\"><div class=\"fusion-separator-border sep-single sep-solid\" style=\"--awb-height:20px;--awb-amount:20px;--awb-sep-color:rgba(255,255,255,0);border-color:rgba(255,255,255,0);border-top-width:50px;\"><\/div><\/div><div class=\"fusion-sep-clear\"><\/div><div class=\"fusion-sep-clear\"><\/div><div class=\"fusion-separator fusion-full-width-sep\" style=\"margin-left: auto;margin-right: auto;width:100%;\"><div class=\"fusion-separator-border sep-single sep-solid\" style=\"--awb-height:20px;--awb-amount:20px;--awb-sep-color:rgba(255,255,255,0);border-color:rgba(255,255,255,0);border-top-width:50px;\"><\/div><\/div><div class=\"fusion-sep-clear\"><\/div><div class=\"fusion-sep-clear\"><\/div><div class=\"fusion-separator fusion-full-width-sep\" style=\"margin-left: auto;margin-right: auto;width:100%;\"><div class=\"fusion-separator-border sep-single sep-solid\" style=\"--awb-height:20px;--awb-amount:20px;--awb-sep-color:rgba(255,255,255,0);border-color:rgba(255,255,255,0);border-top-width:50px;\"><\/div><\/div><div class=\"fusion-sep-clear\"><\/div><div class=\"fusion-sep-clear\"><\/div><div class=\"fusion-separator fusion-full-width-sep\" style=\"margin-left: auto;margin-right: auto;width:100%;\"><div class=\"fusion-separator-border sep-single sep-solid\" style=\"--awb-height:20px;--awb-amount:20px;--awb-sep-color:rgba(255,255,255,0);border-color:rgba(255,255,255,0);border-top-width:50px;\"><\/div><\/div><div class=\"fusion-sep-clear\"><\/div><div class=\"fusion-clearfix\"><\/div><\/div><\/div><div class=\"fusion-layout-column fusion_builder_column fusion-builder-column-1 fusion_builder_column_1_5 1_5 fusion-one-fifth fusion-column-first fusion-no-small-visibility fusion-no-medium-visibility\" style=\"--awb-bg-color:rgba(48,173,234,0.93);--awb-bg-color-hover:rgba(48,173,234,0.93);--awb-bg-repeat:repeat;width:20%;width:calc(20% - ( ( 0% + 0% ) * 0.2 ) );margin-right: 0%;\"><div class=\"fusion-column-wrapper fusion-flex-column-wrapper-legacy\"><div class=\"fusion-clearfix\"><\/div><\/div><\/div><div class=\"fusion-layout-column fusion_builder_column fusion-builder-column-2 fusion_builder_column_3_5 3_5 fusion-three-fifth\" style=\"--awb-padding-top:60px;--awb-padding-right:7%;--awb-padding-bottom:60px;--awb-padding-left:7%;--awb-bg-color:rgba(48,173,234,0.93);--awb-bg-color-hover:rgba(48,173,234,0.93);--awb-bg-size:cover;width:60%;width:calc(60% - ( ( 0% + 0% ) * 0.6 ) );margin-right: 0%;\"><div class=\"fusion-column-wrapper fusion-flex-column-wrapper-legacy\"><div class=\"fusion-title title fusion-title-1 fusion-sep-none fusion-title-center fusion-title-text fusion-title-size-one\" style=\"--awb-margin-bottom:5px;--awb-margin-top-small:0px;--awb-margin-right-small:0px;--awb-margin-bottom-small:20px;--awb-margin-left-small:0px;\"><h1 class=\"fusion-title-heading title-heading-center fusion-responsive-typography-calculated\" style=\"margin:0;--fontSize:44;line-height:1.3;\"><span style=\"color: #ffffff;\">Aloita digitaalinen myynti Pilvell\u00e4\u00a0<\/span><\/h1><\/div><div class=\"fusion-text fusion-text-1\"><p class=\"ingress\" style=\"text-align: center;\"><strong>Pilvi\u2122<\/strong> on jatkuvien ja kertamyyt\u00e4vien B2B-palvelutuotteiden verkkomyyntiin suunniteltu alusta. Se sis\u00e4lt\u00e4\u00e4 kaikki verkossa tapahtuvan myynnin ja asioinnin elementit yhdess\u00e4 paketissa.<\/p>\n<\/div><div class=\"fusion-clearfix\"><\/div><\/div><\/div><div class=\"fusion-layout-column fusion_builder_column fusion-builder-column-3 fusion_builder_column_1_5 1_5 fusion-one-fifth fusion-column-last fusion-no-small-visibility fusion-no-medium-visibility\" style=\"--awb-bg-color:rgba(48,173,234,0.93);--awb-bg-color-hover:rgba(48,173,234,0.93);--awb-bg-repeat:repeat;width:20%;width:calc(20% - ( ( 0% + 0% ) * 0.2 ) );\"><div class=\"fusion-column-wrapper fusion-flex-column-wrapper-legacy\"><div class=\"fusion-clearfix\"><\/div><\/div><\/div><\/div><\/div><div class=\"fusion-fullwidth fullwidth-box fusion-builder-row-2 nonhundred-percent-fullwidth non-hundred-percent-height-scrolling fusion-equal-height-columns\" style=\"--awb-border-radius-top-left:0px;--awb-border-radius-top-right:0px;--awb-border-radius-bottom-right:0px;--awb-border-radius-bottom-left:0px;--awb-padding-right:0px;--awb-padding-bottom:40px;--awb-padding-left:0px;--awb-flex-wrap:wrap;\" ><div class=\"fusion-builder-row fusion-row\"><div class=\"fusion-layout-column fusion_builder_column fusion-builder-column-4 fusion_builder_column_1_1 1_1 fusion-one-full fusion-column-first fusion-column-last\" style=\"--awb-padding-top:60px;--awb-padding-bottom:20px;--awb-padding-left:50px;--awb-bg-size:cover;\"><div class=\"fusion-column-wrapper fusion-column-has-shadow fusion-flex-column-wrapper-legacy\"><div class=\"fusion-title title fusion-title-2 fusion-sep-none fusion-title-text fusion-title-size-three\" style=\"--awb-margin-top:0em;--awb-margin-top-small:0px;--awb-margin-right-small:0px;--awb-margin-bottom-small:20px;--awb-margin-left-small:0px;\"><h3 class=\"fusion-title-heading title-heading-left fusion-responsive-typography-calculated\" style=\"margin:0;--fontSize:24;--minFontSize:24;line-height:1.4;\">Nelj\u00e4 verkkomyynnin mallia:<\/h3><\/div><ul style=\"--awb-size:17px;--awb-line-height:28.9px;--awb-icon-width:28.9px;--awb-icon-height:28.9px;--awb-icon-margin:11.9px;--awb-content-margin:40.8px;--awb-circlecolor:#30adea;--awb-circle-yes-font-size:14.96px;\" class=\"fusion-checklist fusion-checklist-1 fusion-checklist-default type-icons\"><li class=\"fusion-li-item\" style=\"\"><span class=\"icon-wrapper circle-yes\"><i class=\"fusion-li-icon fa-cloud fas\" aria-hidden=\"true\"><\/i><\/span><div class=\"fusion-li-item-content\">\n<p>Digitaalinen verkkokauppamainen palveluluettelo (<strong><a href=\"https:\/\/www.pilvi.com\/fi\/digitaalinen-tuoteluettelo-visit\/\">VISIT<\/a><\/strong>)<\/p>\n<\/div><\/li><li class=\"fusion-li-item\" style=\"\"><span class=\"icon-wrapper circle-yes\"><i class=\"fusion-li-icon fa-cloud-sun fas\" aria-hidden=\"true\"><\/i><\/span><div class=\"fusion-li-item-content\">\n<p>Tarjouspyynt\u00f6konfiguraattorilla lis\u00e4\u00e4 uusia liidej\u00e4 (<strong><a href=\"https:\/\/www.pilvi.com\/fi\/tarjouspyyntoautomaatti-interest\/\">INTEREST<\/a><\/strong>)<\/p>\n<\/div><\/li><li class=\"fusion-li-item\" style=\"\"><span class=\"icon-wrapper circle-yes\"><i class=\"fusion-li-icon fa-cloud-download-alt fas\" aria-hidden=\"true\"><\/i><\/span><div class=\"fusion-li-item-content\">\n<p>Tilauskanava ja verkkomaksut jatkuville palveluille (<strong><a href=\"https:\/\/www.pilvi.com\/fi\/verkkokauppa-order\/\">ORDER<\/a><\/strong>)<\/p>\n<\/div><\/li><li class=\"fusion-li-item\" style=\"\"><span class=\"icon-wrapper circle-yes\"><i class=\"fusion-li-icon fa-cloud-moon fas\" aria-hidden=\"true\"><\/i><\/span><div class=\"fusion-li-item-content\">\n<p>Itsepalvelukonsolilla palveluiden ja asiakkuuksien hallinta (<strong><a href=\"https:\/\/www.pilvi.com\/fi\/itsepalvelukonsoli-manage\/\">MANAGE<\/a><\/strong>).<\/p>\n<\/div><\/li><\/ul><div class=\"fusion-sep-clear\"><\/div><div class=\"fusion-separator fusion-full-width-sep\" style=\"margin-left: auto;margin-right: auto;margin-top:30px;margin-bottom:15px;width:100%;\"><\/div><div class=\"fusion-sep-clear\"><\/div><div class=\"fusion-builder-row fusion-builder-row-inner fusion-row\"><div class=\"fusion-layout-column fusion_builder_column_inner fusion-builder-nested-column-0 fusion_builder_column_inner_1_4 1_4 fusion-one-fourth fusion-column-first\" style=\"--awb-padding-right:10px;--awb-padding-left:10px;--awb-bg-size:cover;width:25%;width:calc(25% - ( ( 4% + 4% + 4% ) * 0.25 ) );margin-right: 4%;\" data-scroll-devices=\"small-visibility,medium-visibility,large-visibility\"><div class=\"fusion-column-wrapper fusion-column-has-shadow fusion-flex-column-wrapper-legacy\"><span data-pilvi-emb-pc-id=\"1335\"><\/span>\n<script src=\"https:\/\/embed.pilvi.com\/stable\/pilvi-embedded.js\"><\/script>\n<script>\nPilviEmbedded.init({\n  SESSION_HOST: 'onboarding.saas.pilvi.com',\n  API_HOST: 'saas.api.service.pilvi.com',\n  HTTPS: true,\n  PRICES: 'VAT_EXCL',\n  LANGUAGE: 'fi_FI'\n});\n<\/script><div class=\"fusion-clearfix\"><\/div><\/div><\/div><div class=\"fusion-layout-column fusion_builder_column_inner fusion-builder-nested-column-1 fusion_builder_column_inner_1_4 1_4 fusion-one-fourth\" style=\"--awb-padding-right:10px;--awb-padding-left:10px;--awb-bg-size:cover;width:25%;width:calc(25% - ( ( 4% + 4% + 4% ) * 0.25 ) );margin-right: 4%;\" data-scroll-devices=\"small-visibility,medium-visibility,large-visibility\"><div class=\"fusion-column-wrapper fusion-column-has-shadow fusion-flex-column-wrapper-legacy\"><span data-pilvi-emb-pc-id=\"1336\"><\/span>\n<script src=\"https:\/\/embed.pilvi.com\/stable\/pilvi-embedded.js\"><\/script>\n<script>\nPilviEmbedded.init({\n  SESSION_HOST: 'shop.pilvi.com',\n  API_HOST: 'saas.api.service.pilvi.com',\n  HTTPS: true,\n  PRICES: 'VAT_EXCL',\n  LANGUAGE: 'fi_FI'\n});\n<\/script><div class=\"fusion-clearfix\"><\/div><\/div><\/div><div class=\"fusion-layout-column fusion_builder_column_inner fusion-builder-nested-column-2 fusion_builder_column_inner_1_4 1_4 fusion-one-fourth\" style=\"--awb-padding-right:10px;--awb-padding-left:10px;--awb-bg-size:cover;width:25%;width:calc(25% - ( ( 4% + 4% + 4% ) * 0.25 ) );margin-right: 4%;\" data-scroll-devices=\"small-visibility,medium-visibility,large-visibility\"><div class=\"fusion-column-wrapper fusion-column-has-shadow fusion-flex-column-wrapper-legacy\"><span data-pilvi-emb-pc-id=\"1337\"><\/span>\n<script src=\"https:\/\/embed.pilvi.com\/stable\/pilvi-embedded.js\"><\/script>\n<script>\nPilviEmbedded.init({\n  SESSION_HOST: 'onboarding.saas.pilvi.com',\n  API_HOST: 'saas.api.service.pilvi.com',\n  HTTPS: true,\n  PRICES: 'VAT_EXCL',\n  LANGUAGE: 'fi_FI'\n});\n<\/script><div class=\"fusion-clearfix\"><\/div><\/div><\/div><div class=\"fusion-layout-column fusion_builder_column_inner fusion-builder-nested-column-3 fusion_builder_column_inner_1_4 1_4 fusion-one-fourth fusion-column-last\" style=\"--awb-padding-right:10px;--awb-padding-left:10px;--awb-bg-size:cover;width:25%;width:calc(25% - ( ( 4% + 4% + 4% ) * 0.25 ) );\" data-scroll-devices=\"small-visibility,medium-visibility,large-visibility\"><div class=\"fusion-column-wrapper fusion-column-has-shadow fusion-flex-column-wrapper-legacy\"><span data-pilvi-emb-pc-id=\"1338\"><\/span>\n<script src=\"https:\/\/embed.pilvi.com\/stable\/pilvi-embedded.js\"><\/script>\n<script>\nPilviEmbedded.init({\n  SESSION_HOST: 'onboarding.saas.pilvi.com',\n  API_HOST: 'saas.api.service.pilvi.com',\n  HTTPS: true,\n  PRICES: 'VAT_EXCL',\n  LANGUAGE: 'fi_FI'\n});\n<\/script><div class=\"fusion-clearfix\"><\/div><\/div><\/div><\/div><div class=\"fusion-sep-clear\"><\/div><div class=\"fusion-separator fusion-full-width-sep\" style=\"margin-left: auto;margin-right: auto;margin-top:25px;margin-bottom:10px;width:100%;\"><\/div><div class=\"fusion-sep-clear\"><\/div><div class=\"fusion-text fusion-text-2\" style=\"--awb-margin-top:7px;\"><p>Aloita viem\u00e4ll\u00e4 tarjontasi verkkoon <span style=\"color: #30adea;\"><b><a href=\"https:\/\/shop.pilvi.com\/fi-fi\/products\/2225\/digitaalinen-tuoteluettelo-visit\">VISIT<\/a><\/b><\/span>-ratkaisulla, jotta asiakkaat l\u00f6yt\u00e4v\u00e4t tuotteet ja hinnat. Rakenna itse, tai ota yhteytt\u00e4 jos haluat ratkaisun k\u00e4ytt\u00f6\u00f6noton palveluna.<\/p>\n<p>Pilvi\u2122 Platform toimii digitaalisen myyntisi selk\u00e4rankana kasvaen tarpeesi ja verkkomyynnin kypsyyden mukaisesti. Mik\u00e4li tarvitset apua B2B-palveluiden verkkomyynnin k\u00e4ynnist\u00e4misess\u00e4 ja suunnittelussa, tutustu konsultointipalveluihimme.<\/p>\n<\/div><div class=\"fusion-sep-clear\"><\/div><div class=\"fusion-separator fusion-full-width-sep\" style=\"margin-left: auto;margin-right: auto;margin-top:15px;width:100%;\"><\/div><div class=\"fusion-sep-clear\"><\/div><div class=\"fusion-button-wrapper\"><a class=\"fusion-button button-flat fusion-button-default-size button-default fusion-button-default button-1 fusion-button-default-span fusion-button-default-type\" target=\"_self\" href=\"https:\/\/www.pilvi.com\/fi\/osta\/yhteydenottopyynto\/\"><span class=\"fusion-button-text awb-button__text awb-button__text--default\">Ota yhteytt\u00e4<\/span><\/a><\/div><div class=\"fusion-button-wrapper\"><a class=\"fusion-button button-flat fusion-button-default-size button-default fusion-button-default button-2 fusion-button-default-span fusion-button-default-type\" target=\"_self\" href=\"https:\/\/shop.pilvi.com\/fi-fi\/categories\/expert-services\"><span class=\"fusion-button-text awb-button__text awb-button__text--default\">Pilvi\u2122 asiantuntijapaketit<\/span><\/a><\/div><div class=\"fusion-clearfix\"><\/div><\/div><\/div><\/div><\/div><div class=\"fusion-fullwidth fullwidth-box fusion-builder-row-3 nonhundred-percent-fullwidth non-hundred-percent-height-scrolling fusion-equal-height-columns\" style=\"--awb-border-radius-top-left:0px;--awb-border-radius-top-right:0px;--awb-border-radius-bottom-right:0px;--awb-border-radius-bottom-left:0px;--awb-padding-top:60px;--awb-padding-bottom:40px;--awb-background-color:#30adea;--awb-flex-wrap:wrap;\" ><div class=\"fusion-builder-row fusion-row\"><div class=\"fusion-layout-column fusion_builder_column fusion-builder-column-5 fusion_builder_column_2_5 2_5 fusion-two-fifth fusion-column-first fusion-animated\" style=\"--awb-padding-bottom:20px;--awb-bg-size:cover;width:40%;width:calc(40% - ( ( 4% + 3% + 3% ) * 0.4 ) );margin-right: 4%;\" data-animationType=\"zoomIn\" data-animationDuration=\"0.3\" data-animationOffset=\"top-into-view\"><div class=\"fusion-column-wrapper fusion-flex-column-wrapper-legacy\"><div class=\"fusion-title title fusion-title-3 fusion-sep-none fusion-title-center fusion-title-text fusion-title-size-two\" style=\"--awb-margin-top:0em;--awb-margin-bottom:0em;--awb-margin-top-small:0px;--awb-margin-right-small:0px;--awb-margin-bottom-small:20px;--awb-margin-left-small:0px;\"><h2 class=\"fusion-title-heading title-heading-center fusion-responsive-typography-calculated\" style=\"margin:0;--fontSize:31;line-height:1.3;\"><span style=\"color: #ffffff;\">Ota Pilvi\u2122 k\u00e4ytt\u00f6\u00f6nne<\/span><\/h2><\/div><div class=\"fusion-clearfix\"><\/div><\/div><\/div><div class=\"fusion-layout-column fusion_builder_column fusion-builder-column-6 fusion_builder_column_1_5 1_5 fusion-one-fifth fusion-animated\" style=\"--awb-padding-bottom:20px;--awb-bg-size:cover;width:20%;width:calc(20% - ( ( 4% + 3% + 3% ) * 0.2 ) );margin-right: 3%;\" data-animationType=\"zoomInLeft\" data-animationDuration=\"0.5\" data-animationOffset=\"top-into-view\"><div class=\"fusion-column-wrapper fusion-flex-column-wrapper-legacy\"><div class=\"fusion-aligncenter\"><a class=\"fusion-button button-flat fusion-button-default-size button-custom fusion-button-default button-3 fusion-button-default-span fusion-button-default-type\" style=\"--button_accent_color:#ffffff;--button_accent_hover_color:#30adea;--button_border_hover_color:#30adea;--button_gradient_top_color:rgba(48,173,234,0);--button_gradient_bottom_color:rgba(48,173,234,0);--button_gradient_top_color_hover:#ffffff;--button_gradient_bottom_color_hover:#ffffff;\" target=\"_self\" href=\"\/fi\/kokeile-demoa\/\"><span class=\"fusion-button-text awb-button__text awb-button__text--default\">Demo<\/span><\/a><\/div><div class=\"fusion-clearfix\"><\/div><\/div><\/div><div class=\"fusion-layout-column fusion_builder_column fusion-builder-column-7 fusion_builder_column_1_5 1_5 fusion-one-fifth fusion-animated\" style=\"--awb-padding-bottom:20px;--awb-bg-size:cover;width:20%;width:calc(20% - ( ( 4% + 3% + 3% ) * 0.2 ) );margin-right: 3%;\" data-animationType=\"zoomInLeft\" data-animationDuration=\"0.7\" data-animationOffset=\"top-into-view\"><div class=\"fusion-column-wrapper fusion-flex-column-wrapper-legacy\"><div class=\"fusion-aligncenter\"><a class=\"fusion-button button-flat fusion-button-default-size button-custom fusion-button-default button-4 fusion-button-default-span fusion-button-default-type\" style=\"--button_accent_color:#ffffff;--button_accent_hover_color:#30adea;--button_border_hover_color:#30adea;--button_gradient_top_color:rgba(48,173,234,0);--button_gradient_bottom_color:rgba(48,173,234,0);--button_gradient_top_color_hover:#ffffff;--button_gradient_bottom_color_hover:#ffffff;\" target=\"_self\" href=\"\/fi\/ota-kayttoon-ilmaisversio\/\"><span class=\"fusion-button-text awb-button__text awb-button__text--default\">Ilmaisversio<\/span><\/a><\/div><div class=\"fusion-clearfix\"><\/div><\/div><\/div><div class=\"fusion-layout-column fusion_builder_column fusion-builder-column-8 fusion_builder_column_1_5 1_5 fusion-one-fifth fusion-column-last fusion-animated\" style=\"--awb-padding-bottom:20px;--awb-bg-size:cover;width:20%;width:calc(20% - ( ( 4% + 3% + 3% ) * 0.2 ) );\" data-animationType=\"zoomInLeft\" data-animationDuration=\"0.9\" data-animationOffset=\"top-into-view\"><div class=\"fusion-column-wrapper fusion-flex-column-wrapper-legacy\"><div class=\"fusion-aligncenter\"><a class=\"fusion-button button-flat fusion-button-default-size button-custom fusion-button-default button-5 fusion-button-default-span fusion-button-default-type\" style=\"--button_accent_color:#ffffff;--button_accent_hover_color:#30adea;--button_border_hover_color:#30adea;--button_gradient_top_color:rgba(48,173,234,0);--button_gradient_bottom_color:rgba(48,173,234,0);--button_gradient_top_color_hover:#ffffff;--button_gradient_bottom_color_hover:#ffffff;\" target=\"_self\" href=\"\/fi\/osta\/\"><span class=\"fusion-button-text awb-button__text awb-button__text--default\">Osta<\/span><\/a><\/div><div class=\"fusion-clearfix\"><\/div><\/div><\/div><\/div><\/div><\/p>\n","protected":false},"excerpt":{"rendered":"","protected":false},"author":8,"featured_media":0,"parent":0,"menu_order":4,"comment_status":"closed","ping_status":"closed","template":"100-width.php","meta":{"inline_featured_image":false,"footnotes":""},"class_list":["post-83","page","type-page","status-publish","hentry"],"yoast_head":"<!-- This site is optimized with the Yoast SEO plugin v27.4 - https:\/\/yoast.com\/product\/yoast-seo-wordpress\/ -->\n<title>Aloita digitaalinen myynti Pilvell\u00e4 - Pilvi\u2122<\/title>\n<meta name=\"robots\" content=\"index, follow, max-snippet:-1, max-image-preview:large, max-video-preview:-1\" \/>\n<link rel=\"canonical\" href=\"https:\/\/www.pilvi.com\/fi\/lyhyesti\/\" \/>\n<meta property=\"og:locale\" content=\"fi_FI\" \/>\n<meta property=\"og:type\" content=\"article\" \/>\n<meta property=\"og:title\" content=\"Aloita digitaalinen myynti Pilvell\u00e4 - Pilvi\u2122\" \/>\n<meta property=\"og:url\" content=\"https:\/\/www.pilvi.com\/fi\/lyhyesti\/\" \/>\n<meta property=\"og:site_name\" content=\"Pilvi\u2122\" \/>\n<meta property=\"article:modified_time\" content=\"2024-10-28T07:29:17+00:00\" \/>\n<meta name=\"twitter:card\" content=\"summary_large_image\" \/>\n<script type=\"application\/ld+json\" class=\"yoast-schema-graph\">{\"@context\":\"https:\\\/\\\/schema.org\",\"@graph\":[{\"@type\":\"WebPage\",\"@id\":\"https:\\\/\\\/www.pilvi.com\\\/fi\\\/lyhyesti\\\/\",\"url\":\"https:\\\/\\\/www.pilvi.com\\\/fi\\\/lyhyesti\\\/\",\"name\":\"Aloita digitaalinen myynti Pilvell\u00e4 - Pilvi\u2122\",\"isPartOf\":{\"@id\":\"https:\\\/\\\/www.pilvi.com\\\/en\\\/#website\"},\"datePublished\":\"2017-02-15T11:24:58+00:00\",\"dateModified\":\"2024-10-28T07:29:17+00:00\",\"breadcrumb\":{\"@id\":\"https:\\\/\\\/www.pilvi.com\\\/fi\\\/lyhyesti\\\/#breadcrumb\"},\"inLanguage\":\"fi\",\"potentialAction\":[{\"@type\":\"ReadAction\",\"target\":[\"https:\\\/\\\/www.pilvi.com\\\/fi\\\/lyhyesti\\\/\"]}]},{\"@type\":\"BreadcrumbList\",\"@id\":\"https:\\\/\\\/www.pilvi.com\\\/fi\\\/lyhyesti\\\/#breadcrumb\",\"itemListElement\":[{\"@type\":\"ListItem\",\"position\":1,\"name\":\"Home\",\"item\":\"https:\\\/\\\/www.pilvi.com\\\/fi\\\/\"},{\"@type\":\"ListItem\",\"position\":2,\"name\":\"Aloita digitaalinen myynti Pilvell\u00e4\"}]},{\"@type\":\"WebSite\",\"@id\":\"https:\\\/\\\/www.pilvi.com\\\/en\\\/#website\",\"url\":\"https:\\\/\\\/www.pilvi.com\\\/en\\\/\",\"name\":\"Pilvi\u2122\",\"description\":\"Sales Automation for SaaS and other Cloud Services\",\"publisher\":{\"@id\":\"https:\\\/\\\/www.pilvi.com\\\/en\\\/#organization\"},\"potentialAction\":[{\"@type\":\"SearchAction\",\"target\":{\"@type\":\"EntryPoint\",\"urlTemplate\":\"https:\\\/\\\/www.pilvi.com\\\/en\\\/?s={search_term_string}\"},\"query-input\":{\"@type\":\"PropertyValueSpecification\",\"valueRequired\":true,\"valueName\":\"search_term_string\"}}],\"inLanguage\":\"fi\"},{\"@type\":\"Organization\",\"@id\":\"https:\\\/\\\/www.pilvi.com\\\/en\\\/#organization\",\"name\":\"Pilvi Cloud Company Oy\",\"url\":\"https:\\\/\\\/www.pilvi.com\\\/en\\\/\",\"logo\":{\"@type\":\"ImageObject\",\"inLanguage\":\"fi\",\"@id\":\"https:\\\/\\\/www.pilvi.com\\\/en\\\/#\\\/schema\\\/logo\\\/image\\\/\",\"url\":\"https:\\\/\\\/www.pilvi.com\\\/files\\\/2017\\\/02\\\/Pilvi_logo_y49_retina.png\",\"contentUrl\":\"https:\\\/\\\/www.pilvi.com\\\/files\\\/2017\\\/02\\\/Pilvi_logo_y49_retina.png\",\"width\":252,\"height\":98,\"caption\":\"Pilvi Cloud Company Oy\"},\"image\":{\"@id\":\"https:\\\/\\\/www.pilvi.com\\\/en\\\/#\\\/schema\\\/logo\\\/image\\\/\"}}]}<\/script>\n<!-- \/ Yoast SEO plugin. -->","yoast_head_json":{"title":"Aloita digitaalinen myynti Pilvell\u00e4 - Pilvi\u2122","robots":{"index":"index","follow":"follow","max-snippet":"max-snippet:-1","max-image-preview":"max-image-preview:large","max-video-preview":"max-video-preview:-1"},"canonical":"https:\/\/www.pilvi.com\/fi\/lyhyesti\/","og_locale":"fi_FI","og_type":"article","og_title":"Aloita digitaalinen myynti Pilvell\u00e4 - Pilvi\u2122","og_url":"https:\/\/www.pilvi.com\/fi\/lyhyesti\/","og_site_name":"Pilvi\u2122","article_modified_time":"2024-10-28T07:29:17+00:00","twitter_card":"summary_large_image","schema":{"@context":"https:\/\/schema.org","@graph":[{"@type":"WebPage","@id":"https:\/\/www.pilvi.com\/fi\/lyhyesti\/","url":"https:\/\/www.pilvi.com\/fi\/lyhyesti\/","name":"Aloita digitaalinen myynti Pilvell\u00e4 - Pilvi\u2122","isPartOf":{"@id":"https:\/\/www.pilvi.com\/en\/#website"},"datePublished":"2017-02-15T11:24:58+00:00","dateModified":"2024-10-28T07:29:17+00:00","breadcrumb":{"@id":"https:\/\/www.pilvi.com\/fi\/lyhyesti\/#breadcrumb"},"inLanguage":"fi","potentialAction":[{"@type":"ReadAction","target":["https:\/\/www.pilvi.com\/fi\/lyhyesti\/"]}]},{"@type":"BreadcrumbList","@id":"https:\/\/www.pilvi.com\/fi\/lyhyesti\/#breadcrumb","itemListElement":[{"@type":"ListItem","position":1,"name":"Home","item":"https:\/\/www.pilvi.com\/fi\/"},{"@type":"ListItem","position":2,"name":"Aloita digitaalinen myynti Pilvell\u00e4"}]},{"@type":"WebSite","@id":"https:\/\/www.pilvi.com\/en\/#website","url":"https:\/\/www.pilvi.com\/en\/","name":"Pilvi\u2122","description":"Sales Automation for SaaS and other Cloud Services","publisher":{"@id":"https:\/\/www.pilvi.com\/en\/#organization"},"potentialAction":[{"@type":"SearchAction","target":{"@type":"EntryPoint","urlTemplate":"https:\/\/www.pilvi.com\/en\/?s={search_term_string}"},"query-input":{"@type":"PropertyValueSpecification","valueRequired":true,"valueName":"search_term_string"}}],"inLanguage":"fi"},{"@type":"Organization","@id":"https:\/\/www.pilvi.com\/en\/#organization","name":"Pilvi Cloud Company Oy","url":"https:\/\/www.pilvi.com\/en\/","logo":{"@type":"ImageObject","inLanguage":"fi","@id":"https:\/\/www.pilvi.com\/en\/#\/schema\/logo\/image\/","url":"https:\/\/www.pilvi.com\/files\/2017\/02\/Pilvi_logo_y49_retina.png","contentUrl":"https:\/\/www.pilvi.com\/files\/2017\/02\/Pilvi_logo_y49_retina.png","width":252,"height":98,"caption":"Pilvi Cloud Company Oy"},"image":{"@id":"https:\/\/www.pilvi.com\/en\/#\/schema\/logo\/image\/"}}]}},"_links":{"self":[{"href":"https:\/\/www.pilvi.com\/fi\/wp-json\/wp\/v2\/pages\/83","targetHints":{"allow":["GET"]}}],"collection":[{"href":"https:\/\/www.pilvi.com\/fi\/wp-json\/wp\/v2\/pages"}],"about":[{"href":"https:\/\/www.pilvi.com\/fi\/wp-json\/wp\/v2\/types\/page"}],"author":[{"embeddable":true,"href":"https:\/\/www.pilvi.com\/fi\/wp-json\/wp\/v2\/users\/8"}],"replies":[{"embeddable":true,"href":"https:\/\/www.pilvi.com\/fi\/wp-json\/wp\/v2\/comments?post=83"}],"version-history":[{"count":62,"href":"https:\/\/www.pilvi.com\/fi\/wp-json\/wp\/v2\/pages\/83\/revisions"}],"predecessor-version":[{"id":10232,"href":"https:\/\/www.pilvi.com\/fi\/wp-json\/wp\/v2\/pages\/83\/revisions\/10232"}],"wp:attachment":[{"href":"https:\/\/www.pilvi.com\/fi\/wp-json\/wp\/v2\/media?parent=83"}],"curies":[{"name":"wp","href":"https:\/\/api.w.org\/{rel}","templated":true}]}}